{"id":1038,"date":"2023-06-02T14:48:52","date_gmt":"2023-06-02T19:48:52","guid":{"rendered":"https:\/\/conshouston.esteri.it\/?page_id=1038"},"modified":"2023-07-26T12:13:00","modified_gmt":"2023-07-26T17:13:00","slug":"sistema-pubblico-di-identita-digitale-spid","status":"publish","type":"page","link":"https:\/\/conshouston.esteri.it\/it\/servizi-consolari-e-visti\/servizi-per-il-cittadino-italiano\/sistema-pubblico-di-identita-digitale-spid\/","title":{"rendered":"Sistema Pubblico di Identita&#8217; Digitale SPID"},"content":{"rendered":"<p style=\"text-align: justify;\">Lo <strong>SPID<\/strong> \u00e8 l\u2019Identit\u00e0 Digitale per accedere ai siti web della Pubblica Amministrazione e ottenere servizi online in massima sicurezza e affidabilit\u00e0.<br \/>\nIn base al D.L.16 luglio 2020, n. 76 dal 28 febbraio 2021 le Pubbliche Amministrazioni utilizzeranno esclusivamente le identita&#8217; digitali (Sistema Pubblico di Identita&#8217; Digitale SPID) e la carta di identita&#8217; elettronica (CIE) ai fini dell&#8217;identificazione dei cittadini che accedono ai propri servizi in rete.<br \/>\nSi ricorda che il Ministero degli Affari Esteri e della Cooperazione Internazionale ha da tempo aderito alla piattaforma SPID, prevedendo l&#8217;accesso con le relative credenziali al portale &#8220;<a href=\"https:\/\/serviziconsolarionline.esteri.it\/ScoFE\/index.sco\" target=\"_blank\" rel=\"noopener\">Fast it<\/a>&#8221; dei servizi consolari online <a href=\"https:\/\/serviziconsolarionline.esteri.it\/ScoFE\/index.sco\">https:\/\/serviziconsolarionline.esteri.it\/ScoFE\/index.sco<\/a>.<br \/>\nSi invitano pertanto i cittadini italiani all\u2019estero a richiedere le credenziali SPID agli Identity Provider abilitati.<br \/>\nL\u2019utilizzo dello SPID \u00e8 gratuito.<br \/>\nAnche richiedere SPID \u00e8 gratuito, ma alcune forme di riconoscimento da parte degli operatori potrebbero essere a pagamento.<br \/>\nSPID \u00e8 semplice: prenotazioni sanitarie, iscrizioni scolastiche, accesso alla rete Wi-Fi pubblica, pratiche d\u2019impresa ecc. sempre con le stesse credenziali.<br \/>\nSPID \u00e8 sicuro: il sistema SPID assicura la piena protezione dei tuoi dati personali e non \u00e8 consentito alcun tipo di profilazione; la tua privacy \u00e8 garantita.<br \/>\nSPID \u00e8 veloce: \u00e8 possibile accedere velocemente ai servizi online della Pubblica Amministrazione e dei soggetti privati aderenti ovunque ti trovi e da qualsiasi dispositivo.<\/p>\n<p style=\"text-align: justify;\"><strong><br \/>\nRichiedi SPID.<\/strong><\/p>\n<p style=\"text-align: justify;\">Per richiedere e ottenere le tue credenziali SPID, il Sistema Pubblico di Identit\u00e0 Digitale, devi esser maggiorenne.<\/p>\n<p style=\"text-align: justify;\">Avrai bisogno di:<\/p>\n<ul style=\"text-align: justify;\">\n<li>un indirizzo e-mail;<\/li>\n<li>il numero di telefono del cellulare che usi normalmente (anche straniero);<\/li>\n<li>un documento di identit\u00e0 italiano valido (uno tra carta di identit\u00e0, passaporto, patente). Durante la registrazione pu\u00f2 esser necessario fotografarli e allegarli al formulario che compilerai;<\/li>\n<li>il codice fiscale (in assenza di <a href=\"https:\/\/conshouston.esteri.it\/it\/servizi-consolari-e-visti\/servizi-per-il-cittadino-italiano\/codice-fiscale\/\" target=\"_blank\" rel=\"noopener\">codice fiscale<\/a>, \u00e8 possibile farne richiesta all\u2019Ufficio consolare, a breve anche tramite la piattaforma FastIT. Far\u00e0 fede il foglio dell\u2019Agenzia delle Entrate vidimate dall\u2019Ufficio consolare).<\/li>\n<\/ul>\n<p style=\"text-align: justify;\"><strong><br \/>\nCosa fare per ottenere SPID<\/strong><\/p>\n<p style=\"text-align: justify;\">Scegli uno tra gli Identity Provider (<a href=\"https:\/\/www.spid.gov.it\/cos-e-spid\/come-attivare-spid\/\" target=\"_blank\" rel=\"noopener\">https:\/\/www.spid.gov.it\/cos-e-spid\/come-attivare-spid\/<\/a>) e registrati sul loro sito.<br \/>\nLa registrazione consiste in 3 step:<\/p>\n<ul style=\"text-align: justify;\">\n<li style=\"text-align: justify;\">Inserisci i dati anagrafici;<\/li>\n<li style=\"text-align: justify;\">Crea le tue credenziali SPID;<\/li>\n<li style=\"text-align: justify;\">Effettua il riconoscimento a scelta tra le seguenti modalit\u00e0: di persona \/ da remoto via webcam\/ tramite CIE, CNS, passaporto o firma digitale \/audio-video con bonifico bancario (bonifico da un c\/c con IBAN italiano).<\/li>\n<\/ul>\n<p style=\"text-align: justify;\">I tempi di rilascio dell\u2019identit\u00e0 digitale dipendono dai singoli Identity Provider.<\/p>\n<p style=\"text-align: justify;\"><strong><br \/>\nCome scegliere tra i diversi Identity Provider.<\/strong><\/p>\n<p style=\"text-align: justify;\">Gli Identity Provider forniscono diverse modalit\u00e0 di registrazione gratuitamente o a pagamento e i rispettivi SPID hanno diversi livelli di sicurezza.<\/p>\n<p style=\"text-align: justify;\">La tabella qui riportata (https:\/\/www.spid.gov.it\/cos-e-spid\/come-scegliere-tra-gli-idp\/) fornisce un quadro aggiornato della situazione.<\/p>\n<p style=\"text-align: justify;\">In particolare, si consiglia di soffermarsi sui seguenti parametri:<\/p>\n<ul style=\"text-align: justify;\">\n<li>tramite Carta d\u2019Identit\u00e0 Elettronica (CIE), Carta Nazionale dei Servizi (CNS), Passaporto biometrico, Firma Digitale o tramite webcam;<\/li>\n<li>scegli sulla base del livello di sicurezza di SPID che ti serve;<\/li>\n<li>se sei un cittadino italiano residente all\u2019estero, fai attenzione a chi offre il servizio per l\u2019estero: scegli l\u2019Identity Provider che mostra l\u2019icona \u201cMondo\u201d o \u201cEU\u201d;<\/li>\n<li>Ricorda che anche usando la CIE, la CNS, il Passaporto biometrico e la firma digitale puoi ottenere SPID da remoto (a distanza). Visita i siti dei diversi gestori per verificare le condizioni di rilascio e scegliere quella pi\u00f9 utile per te.<\/li>\n<\/ul>\n<p style=\"text-align: justify;\"><strong><br \/>\nDove si pu\u00f2 usare SPID<\/strong><\/p>\n<p style=\"text-align: justify;\">A questo <a href=\"https:\/\/www.spid.gov.it\/\" target=\"_blank\" rel=\"noopener\">link<\/a> puoi cercare tra i servizi abilitati SPID di oltre 4000 Amministrazioni e trovare l\u2019elenco dei fornitori di servizi privati. Puoi accedere al portale \u201cFast It\u201d della Farnesina dedicato ai servizi consolari con le credenziali SPID.<\/p>\n<p style=\"text-align: justify;\">Domande frequenti: <a href=\"https:\/\/www.spid.gov.it\/domande-frequenti\" target=\"_blank\" rel=\"noopener\">https:\/\/www.spid.gov.it\/domande-frequenti<\/a><\/p>\n<p style=\"text-align: justify;\">[Fonte delle informazioni riportate su questa pagina: <a href=\"https:\/\/www.spid.gov.it\" target=\"_blank\" rel=\"noopener\">https:\/\/www.spid.gov.it<\/a>, cui si rimanda per aggiornamenti ed approfondimenti]<\/p>\n","protected":false},"excerpt":{"rendered":"Lo SPID \u00e8 l\u2019Identit\u00e0 Digitale per accedere ai siti web della Pubblica Amministrazione e ottenere servizi online in massima sicurezza e affidabilit\u00e0. In base al D.L.16 luglio 2020, n. 76 dal 28 febbraio 2021 le Pubbliche Amministrazioni utilizzeranno esclusivamente le identita&#8217; digitali (Sistema Pubblico di Identita&#8217; Digitale SPID) e la carta di identita&#8217; elettronica (CIE) [&hellip;]","protected":false},"author":7,"featured_media":0,"parent":59,"menu_order":11,"comment_status":"closed","ping_status":"closed","template":"","meta":{"footnotes":""},"class_list":["post-1038","page","type-page","status-publish","hentry"],"_links":{"self":[{"href":"https:\/\/conshouston.esteri.it\/it\/wp-json\/wp\/v2\/pages\/1038","targetHints":{"allow":["GET"]}}],"collection":[{"href":"https:\/\/conshouston.esteri.it\/it\/wp-json\/wp\/v2\/pages"}],"about":[{"href":"https:\/\/conshouston.esteri.it\/it\/wp-json\/wp\/v2\/types\/page"}],"author":[{"embeddable":true,"href":"https:\/\/conshouston.esteri.it\/it\/wp-json\/wp\/v2\/users\/7"}],"replies":[{"embeddable":true,"href":"https:\/\/conshouston.esteri.it\/it\/wp-json\/wp\/v2\/comments?post=1038"}],"version-history":[{"count":0,"href":"https:\/\/conshouston.esteri.it\/it\/wp-json\/wp\/v2\/pages\/1038\/revisions"}],"up":[{"embeddable":true,"href":"https:\/\/conshouston.esteri.it\/it\/wp-json\/wp\/v2\/pages\/59"}],"wp:attachment":[{"href":"https:\/\/conshouston.esteri.it\/it\/wp-json\/wp\/v2\/media?parent=1038"}],"curies":[{"name":"wp","href":"https:\/\/api.w.org\/{rel}","templated":true}]}}