{"id":1805,"date":"2023-07-13T12:38:04","date_gmt":"2023-07-13T17:38:04","guid":{"rendered":"https:\/\/conshouston.esteri.it\/?page_id=1805"},"modified":"2023-07-13T12:38:04","modified_gmt":"2023-07-13T17:38:04","slug":"domande-frequenti","status":"publish","type":"page","link":"https:\/\/conshouston.esteri.it\/it\/italia-e-usa\/diplomazia-culturale\/domande-frequenti\/","title":{"rendered":"Domande frequenti"},"content":{"rendered":"<p style=\"text-align: justify;\"><strong><em>Vorrei insegnare italiano negli Stati Uniti. \u00c8 possibile?\u00a0<\/em><\/strong>Si suggerisce di consultare il seguente sito web, nel quale si descrivono i requisiti per l\u2019espletamento di attivit\u00e0 lavorative:<\/p>\n<ul style=\"text-align: justify;\">\n<li><a title=\"http:\/\/www.ets.org\/praxis\" href=\"http:\/\/www.ets.org\/praxis\" target=\"_blank\" rel=\"noopener\">http:\/\/www.ets.org\/praxis<\/a><\/li>\n<\/ul>\n<p style=\"text-align: justify;\">Si ricorda che per insegnare negli Stati Uniti \u00e8 necessario ottenere un\u2019abilitazione che varia da Stato a Stato. \u00c8 necessario, tuttavia, segnalare che il personale impiegato nei corsi delle scuole elementari e medie nei licei statunitensi, organizzati anche grazie al contributo del Ministero degli Affari Esteri e della Cooperazione Internazionale, viene reclutato quasi esclusivamente a livello locale poich\u00e9, oltre ai previsti titoli americani (Teaching Certification), l\u2019insegnante deve essere in possesso anche dei requisiti generali stabiliti dalle norme americane sull\u2019immigrazione per poter lavorare negli Stati Uniti (Visto di Lavoro) di cui al punto precedente\u00a0<a href=\"https:\/\/it.usembassy.gov\/it\/visti\/\" target=\"_blank\" rel=\"noopener\">https:\/\/it.usembassy.gov\/it\/visti\/<\/a><\/p>\n<p style=\"text-align: justify;\"><strong><em>Serve un\u2019abilitazione per l\u2019insegnamento delle lingue straniere a livello k-12 (scuola dell\u2019infanzia-elementare-media-liceo)?\u00a0<\/em><\/strong>Ogni Stato stabilisce, insieme alle Agenzie di certificazione -spesso consorzi di Universit\u00e0 accreditate- le regole per l\u2019accesso alla carriera dell\u2019insegnamento. Nelle scuole pubbliche del segmento K-12 (Scuola dell\u2019infanzia-Scuola superiore) tutti gli insegnanti devono essere certificati. Le abilitazioni hanno una scadenza, vanno rinnovate in media ogni triennio e in casi particolari possono essere emesse abilitazioni temporanee. Le scuole private di norma non necessariamente chiedono all\u2019insegnante la certificazione. Per una disamina dello stato dell\u2019arte dell\u2019insegnamento delle lingue straniere in USA, si veda la ricerca:<br \/>\n<a title=\"Resource Guide to Developing Linguistic and Cultural Competency in the United States\" href=\"http:\/\/www.nflc.org\/publications\/the_teachers_we_need_Resource_Guide.pdf\" target=\"_blank\" rel=\"noopener\">Resource Guide to Developing Linguistic and Cultural Competency in the United States<\/a><\/p>\n<p style=\"text-align: justify;\"><em><b>Mi trasferir\u00f2\u00a0negli Stati Uniti, come devo procedere per trovare una buona scuola per i miei figli?<\/b><\/em><b>\u00a0<\/b>Le uniche scuole italiane paritarie presenti negli USA sono la \u201cScuola d\u2019Italia Guglielmo Marconi\u201d a New York City che offre corsi dall\u2019asilo nido alla scuola secondaria di secondo grado (Liceo Scientifico) e \u201cLa Scuola\u201d di San Francisco, scuola bilingue dalla scuola dell\u2019infanzia al II anno della scuola secondaria di I grado (Middle School) con parit\u00e0 per la fascia infanzia-primaria. L\u2019istituto ha aperto nel 2022 una succursale a Palo Alto, nel centro della Silicon Valley, per il settore dell\u2019infanzia.<\/p>\n<p style=\"text-align: justify;\">Esistono diverse scuole locali in tutti gli Stati Uniti dove l\u2019italiano viene insegnato come lingua straniera, inserito nel curriculum scolastico, ma non al livello richiesto per uno studente madrelingua.<\/p>\n<p style=\"text-align: justify;\">Nell\u2019area di Washington, D.C. \u00e8 possibile l\u2019iscrizione ai corsi integrativi di italiano organizzati dall\u2019Ente Gestore \u201cCasa Italiana Language School\u201d oltre l\u2019orario delle lezioni, allineati con i programmi scolastici in vigore in Italia. Nell\u2019ordinamento americano, ai fini dell\u2019inserimento in un determinato anno scolastico, si considera l\u2019et\u00e0 al 31 agosto e non, come in Italia, al 31 dicembre. Per questo pu\u00f2 esserci uno sfasamento tra gli anni frequentati in Italia e negli USA. La qualit\u00e0 delle scuole pu\u00f2 variare considerevolmente da zona a zona. Il bacino di utenza di una scuola \u00e8, di norma, rigidamente individuato, si deve quindi prestare attenzione alla zona in cui si intende stabilirsi: l\u2019iscrizione alle scuole pubbliche \u00e8, in genere, vincolato allo stradario. Il link che segue potrebbe essere d\u2019aiuto nella scelta:\u00a0<a href=\"http:\/\/www.greatschools.org\/\" target=\"_blank\" rel=\"noopener\">http:\/\/www.greatschools.org\/<\/a><\/p>\n<p style=\"text-align: justify;\"><strong><em>I miei titoli di studio italiani valgono negli USA?\u00a0<\/em><\/strong>Non esiste uno specifico accordo tra Italia e Stati Uniti per il reciproco riconoscimento dei titoli di studio. Le universit\u00e0 statunitensi possono pertanto valutare lo stesso titolo di studio in modo diverso. In genere la valutazione viene determinata dalla selettivit\u00e0 dell\u2019universit\u00e0, dal campo di studio e dal background dello studente. I chiarimenti in merito alla\u00a0<em>admission policy<\/em>\u00a0dovranno essere richiesti dagli interessati direttamente alle istituzioni americane. L\u2019eventuale equipollenza dei titoli italiani viene certificata dall\u2019Ambasciata (Roma) o dai Consolati USA in Italia (Milano, Firenze, Napoli) competenti territorialmente rispetto alla dislocazione geografica della scuola italiana.<\/p>\n<p style=\"text-align: justify;\"><strong><em>I miei titoli di studio conseguiti negli Stati Uniti valgono in Italia?\u00a0<\/em><\/strong>Il Consolato italiano che ha competenza territoriale rispetto alla dislocazione geografica della scuola americana pu\u00f2 rilasciare la dichiarazione di valore dei titoli di studio americani.<\/p>\n","protected":false},"excerpt":{"rendered":"Vorrei insegnare italiano negli Stati Uniti. \u00c8 possibile?\u00a0Si suggerisce di consultare il seguente sito web, nel quale si descrivono i requisiti per l\u2019espletamento di attivit\u00e0 lavorative: http:\/\/www.ets.org\/praxis Si ricorda che per insegnare negli Stati Uniti \u00e8 necessario ottenere un\u2019abilitazione che varia da Stato a Stato. \u00c8 necessario, tuttavia, segnalare che il personale impiegato nei corsi [&hellip;]","protected":false},"author":7,"featured_media":0,"parent":41,"menu_order":0,"comment_status":"closed","ping_status":"closed","template":"","meta":{"footnotes":""},"class_list":["post-1805","page","type-page","status-publish","hentry"],"_links":{"self":[{"href":"https:\/\/conshouston.esteri.it\/it\/wp-json\/wp\/v2\/pages\/1805","targetHints":{"allow":["GET"]}}],"collection":[{"href":"https:\/\/conshouston.esteri.it\/it\/wp-json\/wp\/v2\/pages"}],"about":[{"href":"https:\/\/conshouston.esteri.it\/it\/wp-json\/wp\/v2\/types\/page"}],"author":[{"embeddable":true,"href":"https:\/\/conshouston.esteri.it\/it\/wp-json\/wp\/v2\/users\/7"}],"replies":[{"embeddable":true,"href":"https:\/\/conshouston.esteri.it\/it\/wp-json\/wp\/v2\/comments?post=1805"}],"version-history":[{"count":0,"href":"https:\/\/conshouston.esteri.it\/it\/wp-json\/wp\/v2\/pages\/1805\/revisions"}],"up":[{"embeddable":true,"href":"https:\/\/conshouston.esteri.it\/it\/wp-json\/wp\/v2\/pages\/41"}],"wp:attachment":[{"href":"https:\/\/conshouston.esteri.it\/it\/wp-json\/wp\/v2\/media?parent=1805"}],"curies":[{"name":"wp","href":"https:\/\/api.w.org\/{rel}","templated":true}]}}