{"id":2140,"date":"2023-07-26T12:33:52","date_gmt":"2023-07-26T17:33:52","guid":{"rendered":"https:\/\/conshouston.esteri.it\/?page_id=2140"},"modified":"2023-07-26T17:47:36","modified_gmt":"2023-07-26T22:47:36","slug":"certificati-anagrafici","status":"publish","type":"page","link":"https:\/\/conshouston.esteri.it\/it\/servizi-consolari-e-visti\/servizi-per-il-cittadino-italiano\/anagrafe-degli-italiani-residenti-allestero-aire\/certificati-anagrafici\/","title":{"rendered":"Certificati anagrafici"},"content":{"rendered":"<p style=\"text-align: justify;\"><strong>Si comunica che, a partire dal 15 novembre 2021, i cittadini iscritti nelle anagrafi italiane (sia APR che AIRE) hanno la possibilit\u00e0 di richiedere direttamente online diversi tipi di certificati anagrafici. Il rilascio di tali certificati e\u2019 gratuito e possibile solo a condizione di avere un\u2019identit\u00e0 digitale (CIE, Spid o CNS), dal momento che tale modalit\u00e0 \u00e8 ormai l\u2019unica in Italia per accedere ai servizi telematici erogati dalla Pubblica Amministrazione.<\/strong><\/p>\n<p style=\"text-align: justify;\">Il sito al quale e\u2019 necessario connettersi e\u2019 <a href=\"https:\/\/www.anagrafenazionale.interno.it\/servizi-al-cittadino\/\">https:\/\/www.anagrafenazionale.interno.it\/servizi-al-cittadino\/<\/a><\/p>\n<p style=\"text-align: justify;\">I certificati che si possono richiedere, per se\u2019 oppure per i familiari conviventi anagraficamente, sono:<\/p>\n<p style=\"text-align: justify;\">\u25cf Anagrafico di nascita<br \/>\n\u25cf Anagrafico di matrimonio<br \/>\n\u25cf di Cittadinanza<br \/>\n\u25cf di Esistenza in vita<br \/>\n\u25cf di Residenza AIRE<br \/>\n\u25cf di Stato civile<br \/>\n\u25cf di Residenza in convivenza<br \/>\n\u25cf di Stato di famiglia AIRE<br \/>\n\u25cf di Stato Libero<br \/>\n\u25cf Anagrafico di Unione Civile<br \/>\n\u25cf di Contratto di Convivenza<\/p>\n","protected":false},"excerpt":{"rendered":"Si comunica che, a partire dal 15 novembre 2021, i cittadini iscritti nelle anagrafi italiane (sia APR che AIRE) hanno la possibilit\u00e0 di richiedere direttamente online diversi tipi di certificati anagrafici. Il rilascio di tali certificati e\u2019 gratuito e possibile solo a condizione di avere un\u2019identit\u00e0 digitale (CIE, Spid o CNS), dal momento che tale [&hellip;]","protected":false},"author":7,"featured_media":0,"parent":85,"menu_order":4,"comment_status":"closed","ping_status":"closed","template":"","meta":{"footnotes":""},"class_list":["post-2140","page","type-page","status-publish","hentry"],"_links":{"self":[{"href":"https:\/\/conshouston.esteri.it\/it\/wp-json\/wp\/v2\/pages\/2140","targetHints":{"allow":["GET"]}}],"collection":[{"href":"https:\/\/conshouston.esteri.it\/it\/wp-json\/wp\/v2\/pages"}],"about":[{"href":"https:\/\/conshouston.esteri.it\/it\/wp-json\/wp\/v2\/types\/page"}],"author":[{"embeddable":true,"href":"https:\/\/conshouston.esteri.it\/it\/wp-json\/wp\/v2\/users\/7"}],"replies":[{"embeddable":true,"href":"https:\/\/conshouston.esteri.it\/it\/wp-json\/wp\/v2\/comments?post=2140"}],"version-history":[{"count":0,"href":"https:\/\/conshouston.esteri.it\/it\/wp-json\/wp\/v2\/pages\/2140\/revisions"}],"up":[{"embeddable":true,"href":"https:\/\/conshouston.esteri.it\/it\/wp-json\/wp\/v2\/pages\/85"}],"wp:attachment":[{"href":"https:\/\/conshouston.esteri.it\/it\/wp-json\/wp\/v2\/media?parent=2140"}],"curies":[{"name":"wp","href":"https:\/\/api.w.org\/{rel}","templated":true}]}}