{"id":2391,"date":"2023-09-19T15:19:11","date_gmt":"2023-09-19T20:19:11","guid":{"rendered":"https:\/\/conshouston.esteri.it\/?page_id=2391"},"modified":"2026-01-19T10:13:40","modified_gmt":"2026-01-19T15:13:40","slug":"carta-didentita-elettronica","status":"publish","type":"page","link":"https:\/\/conshouston.esteri.it\/it\/servizi-consolari-e-visti\/servizi-per-il-cittadino-italiano\/carta-didentita-elettronica\/","title":{"rendered":"Carta d\u2019Identit\u00e0 elettronica (CIE)"},"content":{"rendered":"<h3 style=\"text-align: justify;\">Informazioni generali<\/h3>\n<p style=\"text-align: justify;\">Il Consolato Generale d\u2019Italia a Houston ha avviato il rilascio della\u00a0<strong>carta d\u2019identit\u00e0 elettronica<\/strong> (<strong>CIE<\/strong>).<\/p>\n<p style=\"text-align: justify;\">Si informano i connazionali che secondo quanto previsto dal Regolamento UE 1157\/2019 le <strong>carte<\/strong> <strong>d\u2019identit\u00e0 cartacee (CIC)<\/strong> cesseranno di essere valide il <strong>3 agosto 2026<\/strong>.<\/p>\n<p style=\"text-align: justify;\">La CIE \u00e8 un documento multifunzionale:<\/p>\n<ul style=\"text-align: justify;\">\n<li>\u00e8 un <strong>documento personale di riconoscimento<\/strong> valido per <u>identificarsi<\/u> e <u>circolare<\/u> nell\u2019Unione Europea, in alcuni Stati aderenti all\u2019accordo di Schengen (ad es. Islanda, Norvegia e Svizzera) e in altri Stati con cui sono stati raggiunti accordi bilaterali (vedasi le singole \u201cschede Paese\u201d sul sito\u00a0<a href=\"http:\/\/www.viaggiaresicuri.it\/\" target=\"_blank\" rel=\"noopener\">www.viaggiaresicuri.it<\/a>).<\/li>\n<\/ul>\n<ul style=\"text-align: justify;\">\n<li>\u00e8 l\u2019unica <strong>identit\u00e0 digitale<\/strong> certificata dalla Stato italiano. L\u2019identit\u00e0 digitale (identit\u00e0 digitale CIE, SPID, CNS) permette di accedere in maniera facile e gratuita ai servizi della Pubblica Amministrazione (Agenzia delle Entrate, INPS, ANPR, fascicolo digitale del SSN, etc.) e dei privati aderenti<\/li>\n<li>riporta il <strong>Codice Fiscale<\/strong><\/li>\n<\/ul>\n<p style=\"text-align: justify;\">La validit\u00e0 della CIE varia a seconda all\u2019et\u00e0 del titolare:<\/p>\n<ul style=\"text-align: justify;\">\n<li><strong>3 anni<\/strong>, per i minori di et\u00e0 inferiore a 3 anni.<\/li>\n<li><strong>5 anni<\/strong>, per i minori di et\u00e0 compresa tra i 3\u00a0e i 18 anni<\/li>\n<li><strong>10 anni<\/strong>, per i maggiorenni<\/li>\n<\/ul>\n<p style=\"text-align: justify;\">La CIE \u00e8 una tessera plastificata che indica: i dati anagrafici, la cittadinanza, il codice fiscale, la fotografia, la firma autografa (per i maggiori di 12 anni), gli estremi dell\u2019atto di nascita e l\u2019indirizzo completo di residenza. Ricordiamo che sulla CIE non \u00e8 indicato lo stato civile del titolare o il cognome del coniuge per le donne coniugate.<\/p>\n<p style=\"text-align: justify;\">Per informazioni dettagliate sulla CIE si rimanda al sito ufficiale del Ministero dell\u2019Interno <a href=\"http:\/\/www.cartaidentita.interno.it\" target=\"_blank\" rel=\"noopener\">www.cartaidentita.interno.it<\/a>.<\/p>\n<p style=\"text-align: justify;\">L\u2019ufficio competente per il rilascio della CIE al Consolato Generale di Houston \u00e8 <a href=\"mailto:passaporti.houston@esteri.it\" target=\"_blank\" rel=\"noopener\">passaporti.houston@esteri.it<\/a>.<\/p>\n<h3 style=\"text-align: justify;\">Chi pu\u00f2 richiedere la CIE<\/h3>\n<p style=\"text-align: justify;\">La CIE potr\u00e0 essere rilasciata <strong><u>esclusivamente<\/u><\/strong>:<\/p>\n<ol style=\"text-align: justify;\">\n<li>ai cittadini <strong>italiani residenti<\/strong>in questa circoscrizione consolare (TX, LA, OK, AR)<\/li>\n<li>che sono<strong> iscritti AIRE<\/strong> presso questo consolato generale a <strong>Houston <u>e<\/u><\/strong><\/li>\n<li>il cui <strong>atto di nascita sia trascritto<\/strong> nei registri di Stato Civile del <strong>Comune<\/strong> di riferimento <strong><u>e<\/u><\/strong><\/li>\n<li>i cui dati anagrafici siano presenti nella <strong>banca dati AIRE-ANPR<\/strong> del Ministero dell\u2019Interno.<\/li>\n<\/ol>\n<p style=\"text-align: justify;\">Ai fini dell\u2019emissione della CIE \u00e8 inoltre <strong><u>necessario<\/u><\/strong>:<\/p>\n<ol style=\"text-align: justify;\" start=\"5\">\n<li>essere in possesso di un passaporto italiano <strong>valido<\/strong><\/li>\n<li>se in possesso di CIE valida, con <strong>scadenza non prima di 6 mesi<\/strong> dalla data dell\u2019appuntamento (ad esempio per un appuntamento del 1\u00b0 gennaio 2026 la scadenza CIE non deve essere oltre il 1\u00b0 luglio 2026)<\/li>\n<li>avere <strong>l\u2019indirizzo di residenza aggiornato<\/strong> negli schedari consolari. Prima di procedere con la prenotazione dell\u2019appuntamento, accedere al portale\u00a0<a href=\"https:\/\/serviziconsolari.esteri.it\" target=\"_blank\" rel=\"noopener\">Fast-It\u00a0<\/a>per verificare l\u2019indirizzo ed eventualmente chiederne la variazione<\/li>\n<li>possedere il\u00a0<strong>codice fiscale validato dall\u2019Agenzia delle Entrate.\u00a0<\/strong>In mancanza, il codice fiscale sar\u00e0 attribuito e\/o validato dall\u2019Agenzia delle Entrate tramite questo consolato durante l\u2019appuntamento CIE<\/li>\n<\/ol>\n<p style=\"text-align: justify;\">Facciamo presente che la CIE \u00e8 un documento di identit\u00e0 e non una prova di residenza, per cui NON verr\u00e0 emessa una nuova CIE in caso di variazione dell\u2019indirizzo di residenza (anche se trasferiti in un\u2019altra circoscrizione consolare o rimpatriati).<\/p>\n<h3 style=\"text-align: justify;\">Modalit\u00e0 di richiesta<\/h3>\n<p style=\"text-align: justify;\">Per richiedere la CIE \u00e8 necessario prenotare un appuntamento sulla piattaforma <a href=\"http:\/\/www.prenotami.esteri.it\" target=\"_blank\" rel=\"noopener\">Prenot@mi<\/a> servizio \u201cDocumenti di Viaggio\u201d\/\u201dCarta di identit\u00e0\u201d. Nuovi appuntamenti sono aggiunti la domenica e il luned\u00ec alle 5pm ora locale. Le cancellazioni vengono rese disponibili immediatamente.<\/p>\n<p style=\"text-align: justify;\"><strong><u>Non si accettano walk-in<\/u>.<\/strong><\/p>\n<p style=\"text-align: justify;\">Se l\u2019appuntamento \u00e8 per una persona diversa dal titolare del conto Prenot@ami con il quale viene preso l\u2019appuntamento, durante la prenotazione \u00e8 necessario inserire in Note: il <u>nome completo, la data di nascita e l\u2019indirizzo di residenza della persona che richiede la CIE<\/u> (ad esempio i dati del minore, nel caso di CIE prenotata dal genitore per il figlio minorenne).<\/p>\n<p style=\"text-align: justify;\">Facciamo presente che ogni richiesta verr\u00e0 attentamente valutata. Se durante i controlli preliminari dovessero emergere elementi ostativi al rilascio della CIE, sar\u00e0 cura di questo Consolato informare l\u2019interessato e <strong><u>cancellare l\u2019appuntamento<\/u><\/strong>. Sono elementi ostativi:<\/p>\n<ul style=\"text-align: justify;\">\n<li>Iscrizione AIRE non terminata dal comune<\/li>\n<li>Atto di nascita non trascritto dal comune<\/li>\n<li>Dati anagrafici non presenti nella banca dati AIRE-ANPR del Ministero dell\u2019Interno<\/li>\n<li>Passaporto italiano scaduto, mai emesso, smarrito o rubato<\/li>\n<li>In possesso di CIE valida con scadenza oltre i 6 mesi<\/li>\n<\/ul>\n<h3 style=\"text-align: justify;\">Appuntamento e documentazione<\/h3>\n<p style=\"text-align: justify;\">L\u2019appuntamento si intende per la sede del Consolato Generale di<strong> Houston<\/strong>. Al momento i consoli onorari (New Orleans, Dallas) e i funzionari itineranti (Austin, San Antonio, Oklahoma City, etc.) non sono abilitati all\u2019acquisizione dei dati biometrici per il rilascio della CIE.<\/p>\n<p style=\"text-align: justify;\"><strong><u>La presenza del richiedente \u00e8 obbligatoria. In caso di CIE per minori, \u00e8 necessaria anche la presenza di entrambi i genitori.<\/u><\/strong><\/p>\n<p style=\"text-align: justify;\">All\u2019appuntamento \u00e8 necessario presentare:<\/p>\n<ol style=\"text-align: justify;\">\n<li><a href=\"https:\/\/conshouston.esteri.it\/wp-content\/uploads\/2025\/10\/CIE-adulti-form.pdf\" target=\"_blank\" rel=\"noopener\">Formulario CIE per maggiorenni<\/a>, oppure <a href=\"https:\/\/conshouston.esteri.it\/wp-content\/uploads\/2026\/01\/CIE-minori-form-new.pdf\" target=\"_blank\" rel=\"noopener\">Formulario CIE per minorenni<\/a>, compilato ma non firmato<\/li>\n<li><a href=\"https:\/\/conshouston.esteri.it\/it\/servizi-consolari-e-visti\/servizi-per-il-cittadino-italiano\/carta-didentita-elettronica\/linee-guida-foto-icao\/\">1 fototessera<\/a>, in formato cartaceo dello stesso formato di quelle utilizzate per il passaporto<\/li>\n<li>Pagamento delle percezioni consolari da effettuarsi <span style=\"text-decoration: underline;\"><strong>esclusivamente con un USPS Money Order dell\u2019esatto ammontare.<\/strong> <\/span>Si invita a controllare che l\u2019ammontare corrisponda a quello indicato nella tabella <a href=\"https:\/\/conshouston.esteri.it\/it\/servizi-consolari-e-visti\/servizi-per-il-cittadino-italiano\/altri-servizi\/albo-consolare\/estratto-tabella-diritti-consolari\/\" target=\"_blank\" rel=\"noopener\">Estratto diritti consolari<\/a> (riga \u201cRilascio Carta d\u2019identit\u00e0 elettronica, art 28C (A+B)\u201d e colonna \u201cUSD arrot.\u201d. Ricordiamo che gli importi cambiano trimestralmente in data 1\u00b0 gennaio, 1\u00b0 aprile, 1\u00b0 luglio e 1\u00b0 ottobre<\/li>\n<li>(*) La precedente Carta d\u2019Identit\u00e0 Cartacea o Elettronica (valida o scaduta), se in possesso del richiedente. Facciamo notare che la Carta di Identit\u00e0 precedente verr\u00e0 annullata il giorno dell\u2019appuntamento<\/li>\n<li>(*) State Driver License o State ID, solo per i maggiorenni<\/li>\n<li>(*) Tutti i passaporti, validi o scaduti<\/li>\n<li>Permesso di soggiorno USA (US visa, permanent resident card, employment authorization card, etc), se in possesso del richiedente<\/li>\n<li>US naturalization certificate, se naturalizzato US<\/li>\n<li>Se nessuno fra gli ID (*) \u00e8 valido, \u00e8 necessario presentarsi con due testimoni (con ID valido) che non siano legati da relazioni di parentela con il richiedente e che possano testimoniarne l\u2019identit\u00e0<\/li>\n<li>In caso di smarrimento o furto della Carta d\u2019Identit\u00e0 (CIC o CIE) ancora <u>valida<\/u>, \u00e8 necessario fare denuncia alle autorit\u00e0 locali e presentare in consolato la copia del verbale di denuncia<\/li>\n<\/ol>\n<p style=\"text-align: justify;\">Durante l\u2019appuntamento verr\u00e0 controllata la documentazione richiesta e verranno presi i dati biometrici del richiedente (foto e per i maggiori di 12 anni anche firma e impronte digitali). La fotografia acquisita in consolato verr\u00e0 visualizzata sulla CIE.<\/p>\n<p style=\"text-align: justify;\">Al termine dell\u2019appuntamento verr\u00e0 rilasciata una <u>CIE temporanea cartacea<\/u>.<\/p>\n<h3 style=\"text-align: justify;\">Consegna e attivazione<\/h3>\n<p style=\"text-align: justify;\">La tesserina plastificata CIE verr\u00e0 emessa a cura dell\u2019Istituto Poligrafico e Zecca dello Stato e poi inviata via raccomandata all\u2019indirizzo di residenza del richiedente.<\/p>\n<p style=\"text-align: justify;\">Per ottenere l\u2019identit\u00e0 digitale CIE \u00e8 necessario registrarsi e attivare le credenziali CIE.<strong> <u>I<\/u><\/strong><u> <strong>residenti all\u2019estero devono attivare le credenziali CIE a livello 3.<\/strong><\/u><\/p>\n<p style=\"text-align: justify;\">Per informazioni pi\u00f9 dettagliate sulla consegna e attivazione <a href=\"https:\/\/conshouston.esteri.it\/wp-content\/uploads\/2025\/12\/CIE-attivazione-a-livello-3.pdf\" target=\"_blank\" rel=\"noopener\">scaricate il file<\/a>.<\/p>\n<h3 style=\"text-align: justify;\">Smarrimento, Furto o Deterioramento<\/h3>\n<p style=\"text-align: justify;\">In caso di smarrimento o furto della Carta d\u2019Identit\u00e0 (CIC o CIE) <u>ancora valida<\/u>, prima di prendere un appuntamento per il rilascio di una nuova CIE \u00e8 necessario:<\/p>\n<ul>\n<li style=\"text-align: justify;\">Presentare denuncia presso le autorit\u00e0 locali<\/li>\n<li style=\"text-align: justify;\">Farsi rilasciare copia del verbale della denuncia. Il verbale dovr\u00e0 contenere le generalit\u00e0 esatte e il numero della Carta d\u2019Identit\u00e0 (CIC o CIE)<\/li>\n<\/ul>\n","protected":false},"excerpt":{"rendered":"Informazioni generali Il Consolato Generale d\u2019Italia a Houston ha avviato il rilascio della\u00a0carta d\u2019identit\u00e0 elettronica (CIE). Si informano i connazionali che secondo quanto previsto dal Regolamento UE 1157\/2019 le carte d\u2019identit\u00e0 cartacee (CIC) cesseranno di essere valide il 3 agosto 2026. La CIE \u00e8 un documento multifunzionale: \u00e8 un documento personale di riconoscimento valido per [&hellip;]","protected":false},"author":6,"featured_media":0,"parent":59,"menu_order":3,"comment_status":"closed","ping_status":"closed","template":"","meta":{"footnotes":""},"class_list":["post-2391","page","type-page","status-publish","hentry"],"_links":{"self":[{"href":"https:\/\/conshouston.esteri.it\/it\/wp-json\/wp\/v2\/pages\/2391","targetHints":{"allow":["GET"]}}],"collection":[{"href":"https:\/\/conshouston.esteri.it\/it\/wp-json\/wp\/v2\/pages"}],"about":[{"href":"https:\/\/conshouston.esteri.it\/it\/wp-json\/wp\/v2\/types\/page"}],"author":[{"embeddable":true,"href":"https:\/\/conshouston.esteri.it\/it\/wp-json\/wp\/v2\/users\/6"}],"replies":[{"embeddable":true,"href":"https:\/\/conshouston.esteri.it\/it\/wp-json\/wp\/v2\/comments?post=2391"}],"version-history":[{"count":7,"href":"https:\/\/conshouston.esteri.it\/it\/wp-json\/wp\/v2\/pages\/2391\/revisions"}],"predecessor-version":[{"id":7832,"href":"https:\/\/conshouston.esteri.it\/it\/wp-json\/wp\/v2\/pages\/2391\/revisions\/7832"}],"up":[{"embeddable":true,"href":"https:\/\/conshouston.esteri.it\/it\/wp-json\/wp\/v2\/pages\/59"}],"wp:attachment":[{"href":"https:\/\/conshouston.esteri.it\/it\/wp-json\/wp\/v2\/media?parent=2391"}],"curies":[{"name":"wp","href":"https:\/\/api.w.org\/{rel}","templated":true}]}}