{"id":2905,"date":"2023-11-24T15:51:59","date_gmt":"2023-11-24T20:51:59","guid":{"rendered":"https:\/\/conshouston.esteri.it\/?page_id=2905"},"modified":"2023-11-24T15:51:59","modified_gmt":"2023-11-24T20:51:59","slug":"passaporto-per-animali-daffezione","status":"publish","type":"page","link":"https:\/\/conshouston.esteri.it\/it\/servizi-consolari-e-visti\/servizi-per-il-cittadino-italiano\/altri-servizi\/certificati-veterinari\/passaporto-per-animali-daffezione\/","title":{"rendered":"Passaporto per animali d&#8217;affezione"},"content":{"rendered":"<p style=\"text-align: justify;\">Il passaporto in Italia \u00e8 rilasciato dai servizi veterinari dell&#8217;azienda sanitaria locale su richiesta del proprietario. Il rilascio per i cani \u00e8 subordinato alla preventiva iscrizione all&#8217;anagrafe canina.Per gli spostamenti all&#8217;interno dei Paesi della UE di cani, gatti e furetti accompagnati dal proprietario o da persona che se ne assume la responsabilit\u00e0 per conto del proprietario il\u00a0<a title=\"apre il testo del regolamento in formato pdf nel sito trovanormesalute\" href=\"http:\/\/www.trovanorme.salute.gov.it\/norme\/renderNormsanPdf;jsessionid=-MogRzo3wAHpvvFhOXCFWQ__.sgc3-prd-sal?anno=2013&amp;codLeg=51306&amp;parte=1%20&amp;serie=S2\" target=\"_blank\" rel=\"noopener\">Regolamento (UE) 576\/2013 del Parlamento europeo e del Consiglio del 12 giugno 2013<\/a>\u00a0prevede la necessit\u00e0 della identificazione degli animali:<\/p>\n<ul style=\"text-align: justify;\">\n<li>tramite un tatuaggio, se apposto prima del 03 luglio 2011<\/li>\n<li>tramite un sistema elettronico di identificazione (microchip o trasponditore)<\/li>\n<li>con il possesso di uno specifico PASSAPORTO individuale &#8211; documento di identificazione dell&#8217;animale da compagnia (allegato III, parte 1, del\u00a0<a title=\"apre il testo del regolamento in formato pdf nel sito trovanormesalute\" href=\"http:\/\/www.trovanorme.salute.gov.it\/norme\/dettaglioAtto?id=51307\" target=\"_blank\" rel=\"noopener\">Regolamento (UE) 577\/2013 della Commissione del 28 giugno 2013<\/a>).<\/li>\n<\/ul>\n<p style=\"text-align: justify;\">Il numero del microchip, oppure del tatuaggio, va riportato sul passaporto dell&#8217;animale. Inoltre, in applicazione dell\u2019articolo 44 del Regolamento (UE) 576\\2013 \u201cMisure transitorie relative ai documenti di identificazione\u201d, il passaporto definito dalla decisione 2003\/803\/CE, debitamente compilato, \u00e8 da considerarsi conforme al nuovo Regolamento se rilasciato dal veterinario autorizzato prima del 29 dicembre 2014.<\/p>\n<p style=\"text-align: justify;\">Il passaporto, di forma tipografica standard, redatto in almeno una delle lingue ufficiali dello Stato membro di rilascio e in inglese, sostituisce tutte le altre certificazioni per gli spostamenti all&#8217;interno dei Paesi della UE.<\/p>\n<p style=\"text-align: justify;\">Deve contenere:<\/p>\n<ul style=\"text-align: justify;\">\n<li>dati anagrafici<\/li>\n<li>elenco di tutte le vaccinazioni effettuate dall&#8217;animale<\/li>\n<li>visite mediche<\/li>\n<li>eventuali trattamenti contro l&#8217;echinococco multilocularis (soltanto per talune destinazioni).<\/li>\n<\/ul>\n<p style=\"text-align: justify;\">La vaccinazione per la rabbia \u00e8 obbligatoria e deve essere effettuata conformemente all\u2019allegato III, del Regolamento (UE) 576\/2013. Tuttavia ciascun Paese membro, ai sensi dell\u2019articolo 7 del Regolamento (UE) 576\/2013, pu\u00f2 autorizzare l\u2019introduzione nel proprio territorio di cuccioli provenienti da altri Paesi membri di et\u00e0 inferiore alle 12 settimane e non vaccinati per la rabbia o che, seppur vaccinati e di et\u00e0 compresa tra le 12 e 16 settimane, non soddisfino ancora le condizioni di validit\u00e0 della vaccinazione.<\/p>\n<p style=\"text-align: justify;\">Sul sito della Commissione\u00a0europea alla pagina\u00a0<a title=\"apre il sito della commissione europea\" href=\"http:\/\/ec.europa.eu\/food\/animal\/liveanimals\/pets\/young_animals_en.htm\" target=\"_blank\" rel=\"noopener\">Movement of Pets (Dogs, Cats and Ferrets) &#8211; Young Animals<\/a>\u00a0sono consultabili le posizioni dei Paesi membri rispetto alla concessione o meno della deroga prevista per le introduzioni nei loro territori di tali cuccioli, al seguito del proprietario o della persona autorizzata dal proprietario e senza finalit\u00e0 commerciali.<\/p>\n<p style=\"text-align: justify;\">In questo caso gli animali, se non accompagnati dalla madre da cui sono ancora dipendenti, possono essere introdotti nel Paese che concede tale deroga solo se scortati dalla dichiarazione del proprietario o della persona autorizzata (allegato I, parte 1, del Regolamento UE 577\/2013); inoltre nell\u2019attestazione devono essere riportati gli estremi del microchip e il numero del passaporto.Il passaporto deve perci\u00f2 essere rilasciato ai proprietari dei cani, dei gatti e dei furetti, che ne facciano richiesta, anche in assenza di vaccinazione antirabbica.<\/p>\n<p>I trattamenti per l\u2019echinococco multilocularis sono disciplinati dal\u00a0<a title=\"apre trovanorme\" href=\"https:\/\/www.trovanorme.salute.gov.it\/norme\/renderNormsanPdf?anno=2017&amp;codLeg=65072&amp;parte=1%20&amp;serie=S2\" target=\"_blank\" rel=\"noopener\">Regolamento Delegato UE 2018\/772 della Commissione del\u00a0<\/a><span id=\"OBJ_PREFIX_DWT806_com_zimbra_date\" role=\"link\"><span id=\"OBJ_PREFIX_DWT817_com_zimbra_date\" role=\"link\"><a title=\"apre trovanorme\" href=\"https:\/\/www.trovanorme.salute.gov.it\/norme\/renderNormsanPdf?anno=2017&amp;codLeg=65072&amp;parte=1%20&amp;serie=S2\">21 novembre 2017<\/a>.<\/span><\/span><\/p>\n<p style=\"text-align: justify;\">In alcuni Paesi europei, infine, \u00e8 vietato l&#8217;ingresso degli esemplari delle razze canine ritenute pericolose.<\/p>\n","protected":false},"excerpt":{"rendered":"Il passaporto in Italia \u00e8 rilasciato dai servizi veterinari dell&#8217;azienda sanitaria locale su richiesta del proprietario. Il rilascio per i cani \u00e8 subordinato alla preventiva iscrizione all&#8217;anagrafe canina.Per gli spostamenti all&#8217;interno dei Paesi della UE di cani, gatti e furetti accompagnati dal proprietario o da persona che se ne assume la responsabilit\u00e0 per conto del [&hellip;]","protected":false},"author":7,"featured_media":0,"parent":2897,"menu_order":0,"comment_status":"closed","ping_status":"closed","template":"","meta":{"footnotes":""},"class_list":["post-2905","page","type-page","status-publish","hentry"],"_links":{"self":[{"href":"https:\/\/conshouston.esteri.it\/it\/wp-json\/wp\/v2\/pages\/2905","targetHints":{"allow":["GET"]}}],"collection":[{"href":"https:\/\/conshouston.esteri.it\/it\/wp-json\/wp\/v2\/pages"}],"about":[{"href":"https:\/\/conshouston.esteri.it\/it\/wp-json\/wp\/v2\/types\/page"}],"author":[{"embeddable":true,"href":"https:\/\/conshouston.esteri.it\/it\/wp-json\/wp\/v2\/users\/7"}],"replies":[{"embeddable":true,"href":"https:\/\/conshouston.esteri.it\/it\/wp-json\/wp\/v2\/comments?post=2905"}],"version-history":[{"count":1,"href":"https:\/\/conshouston.esteri.it\/it\/wp-json\/wp\/v2\/pages\/2905\/revisions"}],"predecessor-version":[{"id":2908,"href":"https:\/\/conshouston.esteri.it\/it\/wp-json\/wp\/v2\/pages\/2905\/revisions\/2908"}],"up":[{"embeddable":true,"href":"https:\/\/conshouston.esteri.it\/it\/wp-json\/wp\/v2\/pages\/2897"}],"wp:attachment":[{"href":"https:\/\/conshouston.esteri.it\/it\/wp-json\/wp\/v2\/media?parent=2905"}],"curies":[{"name":"wp","href":"https:\/\/api.w.org\/{rel}","templated":true}]}}