{"id":36,"date":"2023-04-03T19:15:47","date_gmt":"2023-04-03T17:15:47","guid":{"rendered":"https:\/\/consolatozurigo.esteri.it\/?page_id=36"},"modified":"2025-10-30T19:00:14","modified_gmt":"2025-10-31T00:00:14","slug":"gli-uffici","status":"publish","type":"page","link":"https:\/\/conshouston.esteri.it\/it\/chi-siamo\/gli-uffici\/","title":{"rendered":"Gli Uffici"},"content":{"rendered":"<p style=\"text-align: justify;\">L\u2019apertura al pubblico \u00e8 limitata ai soli appuntamenti confermati e ai casi di emergenza. L&#8217;orario di <strong>ricevimento al pubblico<\/strong> e&#8217; il seguente: dal <strong>luned\u00ec al venerd\u00ec dalle 9.00 alle 12.30<\/strong> (<strong>chiuso il mercoledi&#8217;, sabato, domenica e festivita&#8217; osservate<\/strong>).<\/p>\n<p style=\"text-align: justify;\">Prima di contattare gli Uffici, si raccomanda di verificare nelle sezioni specifiche le informazioni richieste poich\u00e8, a seguito di vostre segnalazioni, il sito internet \u00e8 stato arricchito nel tempo di contenuti sempre pi\u00f9 specifici proprio per fornire immediato riscontro ai connazionali.<\/p>\n<p style=\"text-align: justify;\">Le email inviate non possono superare i 10 MB di grandezza specificando sempre le generalita&#8217; complete (nome, cognome, data e luogo di nascita e residenza). Infine, nel caso si ottenga un <strong>appuntamento<\/strong> tramite il portale dedicato <a href=\"https:\/\/prenotami.esteri.it\/\">Prenot@mi<\/a> o direttamente via email, si raccomanda di portare con s\u00e9 e mostrare all\u2019ingresso l\u2019email di conferma prenotazione o convocazione da parte dell\u2019Ufficio consolare. In caso di mancato possesso l\u2019ingresso potrebbe non essere consentito.<\/p>\n<p style=\"text-align: justify;\">Le modalit\u00e0 di accesso del Consolato sono specificate nell\u2019<a href=\"https:\/\/conshouston.esteri.it\/it\/chi-siamo\/gli-uffici\/modalita-di-accesso-al-consolato-generale\/\">apposita sezione del sito<\/a>.<\/p>\n<p>&nbsp;<\/p>\n<p><strong>Nel 2025, il Consolato sara\u2019 chiuso al pubblico nei seguenti giorni festivi:<\/strong><\/p>\n<p>MERCOLED\u00cc 1 GENNAIO, CAPODANNO<br \/>\nLUNED\u00cc 17 FEBBRAIO, PRESIDENTS&#8217; DAY<br \/>\nLUNED\u00cc 21 APRILE, LUNED\u00cc DELL\u2019ANGELO<br \/>\nLUNED\u00cc 26 MAGGIO, MEMORIAL DAY<br \/>\nLUNED\u00cc 2 GIUGNO, FESTA DELLA REPUBBLICA<br \/>\nVENERD\u00cc 4 LUGLIO, INDEPENDENCE DAY<br \/>\nLUNED\u00cc 1 SETTEMBRE, LABOR DAY<br \/>\nLUNED\u00cc 13 OTTOBRE, COLUMBUS DAY<br \/>\nGIOVED\u00cc 27 NOVEMBRE, THANKSGIVING DAY<br \/>\nGIOVED\u00cc 25 DICEMBRE, NATALE<br \/>\nVENERD\u00cc 26 DICEMBRE, SANTO STEFANO<\/p>\n<p><strong>Nel 2026, il Consolato sara\u2019 chiuso al pubblico nei seguenti giorni festivi:<\/strong><\/p>\n<p>GIOVED\u00cc 1 GENNAIO, CAPODANNO<br \/>\nLUNED\u00cc 16 FEBBRAIO, PRESIDENTS&#8217; DAY<br \/>\nLUNED\u00cc 6 APRILE, LUNED\u00cc DELL\u2019ANGELO<br \/>\nLUNED\u00cc 25 MAGGIO, MEMORIAL DAY<br \/>\nMARTED\u00cc 2 GIUGNO, FESTA DELLA REPUBBLICA<br \/>\nSABATO 4 LUGLIO, INDEPENDENCE DAY<br \/>\nLUNED\u00cc 7 SETTEMBRE, LABOR DAY<br \/>\nLUNED\u00cc 12 OTTOBRE, COLUMBUS DAY<br \/>\nGIOVED\u00cc 26 NOVEMBRE, THANKSGIVING DAY<br \/>\nVENERD\u00cc 25 DICEMBRE, NATALE<br \/>\nSABATO 26 DICEMBRE, SANTO STEFANO<\/p>\n","protected":false},"excerpt":{"rendered":"L\u2019apertura al pubblico \u00e8 limitata ai soli appuntamenti confermati e ai casi di emergenza. L&#8217;orario di ricevimento al pubblico e&#8217; il seguente: dal luned\u00ec al venerd\u00ec dalle 9.00 alle 12.30 (chiuso il mercoledi&#8217;, sabato, domenica e festivita&#8217; osservate). Prima di contattare gli Uffici, si raccomanda di verificare nelle sezioni specifiche le informazioni richieste poich\u00e8, a [&hellip;]","protected":false},"author":1,"featured_media":0,"parent":13,"menu_order":6,"comment_status":"closed","ping_status":"closed","template":"","meta":{"footnotes":""},"class_list":["post-36","page","type-page","status-publish","hentry"],"_links":{"self":[{"href":"https:\/\/conshouston.esteri.it\/it\/wp-json\/wp\/v2\/pages\/36","targetHints":{"allow":["GET"]}}],"collection":[{"href":"https:\/\/conshouston.esteri.it\/it\/wp-json\/wp\/v2\/pages"}],"about":[{"href":"https:\/\/conshouston.esteri.it\/it\/wp-json\/wp\/v2\/types\/page"}],"author":[{"embeddable":true,"href":"https:\/\/conshouston.esteri.it\/it\/wp-json\/wp\/v2\/users\/1"}],"replies":[{"embeddable":true,"href":"https:\/\/conshouston.esteri.it\/it\/wp-json\/wp\/v2\/comments?post=36"}],"version-history":[{"count":4,"href":"https:\/\/conshouston.esteri.it\/it\/wp-json\/wp\/v2\/pages\/36\/revisions"}],"predecessor-version":[{"id":7306,"href":"https:\/\/conshouston.esteri.it\/it\/wp-json\/wp\/v2\/pages\/36\/revisions\/7306"}],"up":[{"embeddable":true,"href":"https:\/\/conshouston.esteri.it\/it\/wp-json\/wp\/v2\/pages\/13"}],"wp:attachment":[{"href":"https:\/\/conshouston.esteri.it\/it\/wp-json\/wp\/v2\/media?parent=36"}],"curies":[{"name":"wp","href":"https:\/\/api.w.org\/{rel}","templated":true}]}}