{"id":522,"date":"2023-05-17T15:26:21","date_gmt":"2023-05-17T20:26:21","guid":{"rendered":"https:\/\/conshouston.esteri.it\/?page_id=522"},"modified":"2023-07-26T17:14:28","modified_gmt":"2023-07-26T22:14:28","slug":"importazioni-animali","status":"publish","type":"page","link":"https:\/\/conshouston.esteri.it\/it\/servizi-consolari-e-visti\/servizi-per-il-cittadino-italiano\/altri-servizi\/importazioni-animali\/","title":{"rendered":"Importazioni animali"},"content":{"rendered":"<p style=\"text-align: justify;\">5ANIMALI DOMESTICI AL SEGUITO<\/p>\n<p style=\"text-align: justify;\">Dal 2 ottobre 2004 e\u2019 in vigore il\u00a0Regolamento 998\\2003\\CE relativo ai requisiti veterinari applicabili all\u2019introduzione ed ai trasferimenti nel territorio dell\u2019Unione Europea di animali domestici (cani, gatti e furetti) al seguito dei viaggiatori e senza fini commerciali.<\/p>\n<p style=\"text-align: justify;\">Secondo le disposizioni in vigore, per le introduzioni in provenienza da Paesi terzi, tra i quali gli Stati Uniti, e\u2019 necessario che ciascun animale domestico sia munito di\u00a0<a href=\"https:\/\/conshouston.esteri.it\/wp-content\/uploads\/2023\/05\/certificato-veterinario.pdf\" target=\"_blank\" rel=\"noopener\"><strong>certificato veterinario europeo<\/strong><\/a>\u00a0il cui modello e\u2019 stato approvato con Decisione della Commissione del 2004\\203\\CE del 18 febbraio 2004 e successive modifiche. Come prevede il documento, gli animali domestici dovranno:<\/p>\n<p style=\"text-align: justify;\">(a) essere identificabili tramite tatuaggio leggibile oppure microchip;<\/p>\n<p style=\"text-align: justify;\">(b) essere vaccinati nei confronti della rabbia con vaccinazioni in corso di validita\u2019.<\/p>\n<p style=\"text-align: justify;\">Per l\u2019introduzione in Italia dai Paesi terzi degli animali da compagnia (o domestici) non \u00e8 necessaria l\u2019esecuzione dei trattamenti preventivi nei confronti delle zecche e dell\u2019echinococco.<\/p>\n<p style=\"text-align: justify;\">Per gli animali domestici in provenienza dagli Stati Uniti, l\u2019Allegato II, parte C del Regolamento 998\\2003\\CE prevede inoltre che la vaccinazione non debba essere accompagnata dall\u2019analisi del sangue per la titolazione degli anticorpi nei confronti della rabbia.<\/p>\n<p style=\"text-align: justify;\">Inoltre il \u201c<a href=\"https:\/\/www.aphis.usda.gov\/wps\/portal\/aphis\/ourfocus\/animalhealth?1dmy&amp;urile=wcm%3apath%3a%2Faphis_content_library%2Fsa_our_focus%2Fsa_animal_health%2Fsa_export_from_us%2Fsa_live_animals%2Fct_iregs_animal_exports_home\" target=\"_blank\" rel=\"noopener\">Department of Agriculture<\/a>\u201c degli Stati Uniti pubblica nel suo sito i regolamenti e procedure da seguire.<\/p>\n<p style=\"text-align: justify;\">Nella fase iniziale di applicazione della nuova normantiva, in deroga a quanto precede e\u2019 stata prevista (Decisione della Commissione 2004\\301\\CE del 30 marzo 2004) la possibilita\u2019 dell\u2019introduzione di animali muniti di certificato veterinario di formato diverso da quello in vigore, a condizione che il certificato veterinario attesti la sussistenza dei medesimi requisiti veterinari previsti dal Regolamento 998\\2003\\CE, sia stato rilasciato prima del 1 ottobre 2004 e sia tuttora in corso di validita\u2019 .<br \/>\nUlteriori informazioni sono reperibili al sito del Ministero della Salute italiano.<\/p>\n<p style=\"text-align: justify;\">E\u2019 possible portare al proprio seguito, in Italia, un massimo di 5 animali domestici, inclusi nel seguente elenco:<\/p>\n<p style=\"text-align: justify;\">Uccelli (di piccola taglia, ad eccezione dei pappagalli), cani, gatti, pesci (di piccola dimensione), ranidi (rane comuni), rettili comuni, roditori (esclusi conigli e lepri), lacertidi (lucertole e ramarri) e testutinidi (tartarughe terrestri).<\/p>\n<p style=\"text-align: justify;\">Gli animali al seguito potranno essere introdotti in Italia esclusivamente insieme al proprietario e solo se muniti del\u00a0certificato attestante la buona salute dell\u2019animale.<\/p>\n<p style=\"text-align: justify;\">Il certificato NON deve essere legalizzato da questo Consolato, \u00e8 sufficiente la firma del veterinario della contea di residenza.<\/p>\n<p style=\"text-align: justify;\">A seguito del viaggiatore \u00e8 ammessa l\u2019introduzione in Italia di n. 2 pappagalli delle specie pi\u00f9 grande e n. 4 per la specie pi\u00f9 piccola purch\u00e8 gli animali siano muniti di un certificato sanitario, rilasciato dal Servizio Veterinario Ufficiale del Paese di origine, attestante che gli animali provengono da una localit\u00e0 nella quale, per un raggio di Km. 20, non si sono verificati casi di psittacosi negli ultimi 12 mesi.<\/p>\n<p style=\"text-align: justify;\">Va ricordato che in Italia \u00e8 obbligatorio utilizzare:<\/p>\n<p style=\"text-align: justify;\">Una museruola idonea, per i cani che passeggiano nelle vie o in altro luogo aperto al pubblico senza il guinzaglio; La museruola e il guinzaglio, per i cani condotti nei locali pubblici e nei pubblici mezzi di trasporto (articolo 83 del D.P.R. 320\/54 Regolamento di Polizia Veterinaria).<\/p>\n","protected":false},"excerpt":{"rendered":"5ANIMALI DOMESTICI AL SEGUITO Dal 2 ottobre 2004 e\u2019 in vigore il\u00a0Regolamento 998\\2003\\CE relativo ai requisiti veterinari applicabili all\u2019introduzione ed ai trasferimenti nel territorio dell\u2019Unione Europea di animali domestici (cani, gatti e furetti) al seguito dei viaggiatori e senza fini commerciali. Secondo le disposizioni in vigore, per le introduzioni in provenienza da Paesi terzi, tra [&hellip;]","protected":false},"author":7,"featured_media":0,"parent":94,"menu_order":3,"comment_status":"closed","ping_status":"closed","template":"","meta":{"footnotes":""},"class_list":["post-522","page","type-page","status-publish","hentry"],"_links":{"self":[{"href":"https:\/\/conshouston.esteri.it\/it\/wp-json\/wp\/v2\/pages\/522","targetHints":{"allow":["GET"]}}],"collection":[{"href":"https:\/\/conshouston.esteri.it\/it\/wp-json\/wp\/v2\/pages"}],"about":[{"href":"https:\/\/conshouston.esteri.it\/it\/wp-json\/wp\/v2\/types\/page"}],"author":[{"embeddable":true,"href":"https:\/\/conshouston.esteri.it\/it\/wp-json\/wp\/v2\/users\/7"}],"replies":[{"embeddable":true,"href":"https:\/\/conshouston.esteri.it\/it\/wp-json\/wp\/v2\/comments?post=522"}],"version-history":[{"count":0,"href":"https:\/\/conshouston.esteri.it\/it\/wp-json\/wp\/v2\/pages\/522\/revisions"}],"up":[{"embeddable":true,"href":"https:\/\/conshouston.esteri.it\/it\/wp-json\/wp\/v2\/pages\/94"}],"wp:attachment":[{"href":"https:\/\/conshouston.esteri.it\/it\/wp-json\/wp\/v2\/media?parent=522"}],"curies":[{"name":"wp","href":"https:\/\/api.w.org\/{rel}","templated":true}]}}