{"id":653,"date":"2023-05-26T07:44:13","date_gmt":"2023-05-26T12:44:13","guid":{"rendered":"https:\/\/conshouston.esteri.it\/?page_id=653"},"modified":"2026-02-05T16:45:33","modified_gmt":"2026-02-05T21:45:33","slug":"procure","status":"publish","type":"page","link":"https:\/\/conshouston.esteri.it\/it\/servizi-consolari-e-visti\/servizi-per-il-cittadino-italiano\/servizi-notarili\/procure\/","title":{"rendered":"Procure"},"content":{"rendered":"<p style=\"text-align: justify;\">La procura \u00e8 un atto con il quale si d\u00e0 la facolt\u00e0 ad un\u2019altra persona di agire in propria vece e rappresentanza ed a compiere gli atti necessari per raggiungere un determinato scopo (es. vendere, acquistare, amministrare, fare donazione, accettare donazione, costituire o sciogliere societ\u00e0, richiedere pubblicazioni di matrimonio, ecc.).<\/p>\n<p style=\"text-align: justify;\">Le procure si dividono in due categorie:<\/p>\n<p style=\"text-align: justify;\"><strong>procure generali<\/strong>: con questi atti l&#8217;interessato affida al rappresentante la gestione di tutti i suoi affari, sia presenti sia futuri. La procura generale \u00e8 rilasciata a tempo indeterminato;<br \/>\n<strong>procure speciali<\/strong>: con questi atti l&#8217;interessato affida al rappresentante la gestione di una parte dei suoi affari. La procura speciale cessa di avere efficacia nel momento in cui l\u2019incarico particolare per il quale \u00e8 stata rilasciata si conclude.<\/p>\n<p><span style=\"text-decoration: underline;\"><strong>Per cittadini italiani<\/strong><\/span><\/p>\n<p>1. Per richiedere una procura \u00e8 necessario essere in possesso di valido passaporto italiano; L\u2019appuntamento si prenota direttamente sul portale <a href=\"https:\/\/prenotami.esteri.it\/\">Prenot@mi<\/a>. Una volta prenotato l\u2019appuntamento, \u00e8 sempre necessario confermarlo, <strong>tra il decimo e il terzo giorno prima della data fissata<\/strong>, per assicurarsi la prenotazione dell\u2019appuntamento.<\/p>\n<p>2.\u00a0 Una volta prenotato l\u2019appuntamento, l&#8217;interessato dovra&#8217; inviare una bozza della procura (preparata dal Notaio (o Avvocato) italiano incaricato di finalizzare la pratica), unitamente ai dati anagrafici e al recapito, alla seguente email: <a href=\"mailto:notarile.houston@esteri.it\">notarile.houston@esteri.it<\/a><\/p>\n<p>3. Il giorno dell\u2019appuntamento l\u2019interessato dovr\u00e0 presentarsi personalmente munito dei seguenti documenti in mancanza dei quali si perder\u00e0 l\u2019appuntamento:<\/p>\n<ul>\n<li>Passaporto italiano valido o documento di identit\u00e0 italiano in corso di validit\u00e0;<\/li>\n<li>Money order intestato a &#8220;Consolato Generale d\u2019Italia a Houston&#8221; il cui importo \u00e8 da calcolarsi come segue in base alle tariffe consultabili <a href=\"https:\/\/conshouston.esteri.it\/it\/servizi-consolari-e-visti\/servizi-per-il-cittadino-italiano\/altri-servizi\/albo-consolare\/estratto-tabella-diritti-consolari\/\">QUI<\/a><\/li>\n<li>Per la procura generale sommare tariffe art. 17A e art. 25;<\/li>\n<li>Per la procura speciale tariffa art. 18A;<\/li>\n<li>Per eventuali copie conformi all\u2019originale tariffa art. 25.<\/li>\n<\/ul>\n<p>&nbsp;<\/p>\n<p style=\"text-align: justify;\"><span style=\"text-decoration: underline;\"><strong>Per i cittadini stranieri<\/strong><\/span><\/p>\n<p style=\"text-align: justify;\">Se <strong>NON sei cittadino italiano<\/strong> e hai bisogno di una <strong>Procura da utilizzare in Italia<\/strong>, segui questa procedura:<\/p>\n<ol style=\"text-align: justify;\">\n<li>Fai redigere una <strong>Procura (Power of Attorney)<\/strong> da un <strong>Notaio Pubblico italiano<\/strong>. Tieni presente che la procura pu\u00f2 essere fatta solo come <strong>&#8220;scrittura privata&#8221;<\/strong>.<\/li>\n<li>Fai <strong>tradurre la Procura in inglese<\/strong> (consulta il link sottostante per traduttori professionisti):<br \/>\n<a href=\"https:\/\/conshouston.esteri.it\/en\/servizi-consolari-e-visti\/servizi-per-il-cittadino-italiano\/altri-servizi\/traduzione-e-legalizzazione-dei-documenti\/\" target=\"_blank\" rel=\"noopener\">https:\/\/conshouston.esteri.it\/en\/servizi-consolari-e-visti\/servizi-per-il-cittadino-italiano\/altri-servizi\/traduzione-e-legalizzazione-dei-documenti\/<\/a><\/li>\n<li>Fai <strong>autenticare la versione inglese della Procura<\/strong> da un <strong>notaio pubblico statunitense<\/strong>.<\/li>\n<li>Fai <strong>apostillare la versione inglese della Procura<\/strong> dal <strong>Segretario di Stato<\/strong> (in Texas, se il documento \u00e8 stato redatto l\u00ec).<\/li>\n<li>Fai <strong>certificare la traduzione italiana<\/strong> presso questo Consolato.<\/li>\n<li>Gli appuntamenti possono essere prenotati tramite il portale <a href=\"https:\/\/conshouston.esteri.it\/en\/news\/dal_consolato\/2022\/01\/prenot-mi-2\/\" target=\"_blank\" rel=\"noopener\">Prenot@mi<\/a>.<\/li>\n<\/ol>\n<p style=\"text-align: justify;\"><strong>L&#8217;Apostille NON richiede traduzione.<\/strong><\/p>\n<p style=\"text-align: justify;\">Consulta la <strong>tariffa per il servizio di certificazione (art. 72A)<\/strong> (<a href=\"https:\/\/conshouston.esteri.it\/it\/servizi-consolari-e-visti\/servizi-per-il-cittadino-italiano\/altri-servizi\/albo-consolare\/estratto-tabella-diritti-consolari\/\" target=\"_blank\" rel=\"noopener\">estratto dalla Tabella dei diritti consolari<\/a>). <strong>L\u2019importo indicato in dollari si riferisce a ciascuna pagina originale, fronte e retro, in inglese<\/strong>, indipendentemente da quante pagine compone la traduzione. <strong>Sono accettati solo money order e cashier\u2019s check.<\/strong><\/p>\n","protected":false},"excerpt":{"rendered":"La procura \u00e8 un atto con il quale si d\u00e0 la facolt\u00e0 ad un\u2019altra persona di agire in propria vece e rappresentanza ed a compiere gli atti necessari per raggiungere un determinato scopo (es. vendere, acquistare, amministrare, fare donazione, accettare donazione, costituire o sciogliere societ\u00e0, richiedere pubblicazioni di matrimonio, ecc.). Le procure si dividono in [&hellip;]","protected":false},"author":7,"featured_media":0,"parent":89,"menu_order":3,"comment_status":"closed","ping_status":"closed","template":"","meta":{"footnotes":""},"class_list":["post-653","page","type-page","status-publish","hentry"],"_links":{"self":[{"href":"https:\/\/conshouston.esteri.it\/it\/wp-json\/wp\/v2\/pages\/653","targetHints":{"allow":["GET"]}}],"collection":[{"href":"https:\/\/conshouston.esteri.it\/it\/wp-json\/wp\/v2\/pages"}],"about":[{"href":"https:\/\/conshouston.esteri.it\/it\/wp-json\/wp\/v2\/types\/page"}],"author":[{"embeddable":true,"href":"https:\/\/conshouston.esteri.it\/it\/wp-json\/wp\/v2\/users\/7"}],"replies":[{"embeddable":true,"href":"https:\/\/conshouston.esteri.it\/it\/wp-json\/wp\/v2\/comments?post=653"}],"version-history":[{"count":7,"href":"https:\/\/conshouston.esteri.it\/it\/wp-json\/wp\/v2\/pages\/653\/revisions"}],"predecessor-version":[{"id":8102,"href":"https:\/\/conshouston.esteri.it\/it\/wp-json\/wp\/v2\/pages\/653\/revisions\/8102"}],"up":[{"embeddable":true,"href":"https:\/\/conshouston.esteri.it\/it\/wp-json\/wp\/v2\/pages\/89"}],"wp:attachment":[{"href":"https:\/\/conshouston.esteri.it\/it\/wp-json\/wp\/v2\/media?parent=653"}],"curies":[{"name":"wp","href":"https:\/\/api.w.org\/{rel}","templated":true}]}}