{"id":656,"date":"2023-05-26T07:44:46","date_gmt":"2023-05-26T12:44:46","guid":{"rendered":"https:\/\/conshouston.esteri.it\/?page_id=656"},"modified":"2023-07-26T17:19:25","modified_gmt":"2023-07-26T22:19:25","slug":"testamento-pubblico","status":"publish","type":"page","link":"https:\/\/conshouston.esteri.it\/it\/servizi-consolari-e-visti\/servizi-per-il-cittadino-italiano\/servizi-notarili\/testamento-pubblico\/","title":{"rendered":"Testamento pubblico"},"content":{"rendered":"<p style=\"text-align: justify;\">Tra le attivit\u00e0 proprie dell&#8217;Ufficio notarile presso un Consolato rientra la redazione di alcuni atti concernenti le dichiarazioni di ultima volont\u00e0 di soggetti che si trovano all&#8217;estero.<br \/>\nIl testamento pubblico \u00e8 la dichiarazione di volont\u00e0 del testatore resa ad un funzionario delegato alle funzioni notarili in presenza di due testimoni e redatta in forma scritta.<br \/>\nNel testamento segreto, invece, le funzioni dell\u2019Ufficio notarile si limitano al ricevimento formale dell&#8217;atto (il cui contenuto rimane segreto) ed al suo deposito nell&#8217;Ufficio.<br \/>\nIl testamento olografo, infine, non necessita della stesura da parte di un funzionario dell&#8217;Ufficio notarile e pu\u00f2 essere depositato in ogni luogo e presso chiunque. Solitamente esso viene depositato presso l&#8217;Ufficio notarile al fine di evitare la possibilit\u00e0 di un suo smarrimento e per assicurarne l&#8217;immediata pubblicazione alla morte del testatore.<\/p>\n","protected":false},"excerpt":{"rendered":"Tra le attivit\u00e0 proprie dell&#8217;Ufficio notarile presso un Consolato rientra la redazione di alcuni atti concernenti le dichiarazioni di ultima volont\u00e0 di soggetti che si trovano all&#8217;estero. Il testamento pubblico \u00e8 la dichiarazione di volont\u00e0 del testatore resa ad un funzionario delegato alle funzioni notarili in presenza di due testimoni e redatta in forma scritta. [&hellip;]","protected":false},"author":7,"featured_media":0,"parent":89,"menu_order":4,"comment_status":"closed","ping_status":"closed","template":"","meta":{"footnotes":""},"class_list":["post-656","page","type-page","status-publish","hentry"],"_links":{"self":[{"href":"https:\/\/conshouston.esteri.it\/it\/wp-json\/wp\/v2\/pages\/656","targetHints":{"allow":["GET"]}}],"collection":[{"href":"https:\/\/conshouston.esteri.it\/it\/wp-json\/wp\/v2\/pages"}],"about":[{"href":"https:\/\/conshouston.esteri.it\/it\/wp-json\/wp\/v2\/types\/page"}],"author":[{"embeddable":true,"href":"https:\/\/conshouston.esteri.it\/it\/wp-json\/wp\/v2\/users\/7"}],"replies":[{"embeddable":true,"href":"https:\/\/conshouston.esteri.it\/it\/wp-json\/wp\/v2\/comments?post=656"}],"version-history":[{"count":0,"href":"https:\/\/conshouston.esteri.it\/it\/wp-json\/wp\/v2\/pages\/656\/revisions"}],"up":[{"embeddable":true,"href":"https:\/\/conshouston.esteri.it\/it\/wp-json\/wp\/v2\/pages\/89"}],"wp:attachment":[{"href":"https:\/\/conshouston.esteri.it\/it\/wp-json\/wp\/v2\/media?parent=656"}],"curies":[{"name":"wp","href":"https:\/\/api.w.org\/{rel}","templated":true}]}}