{"id":660,"date":"2023-05-26T07:45:45","date_gmt":"2023-05-26T12:45:45","guid":{"rendered":"https:\/\/conshouston.esteri.it\/?page_id=660"},"modified":"2023-07-26T17:18:56","modified_gmt":"2023-07-26T22:18:56","slug":"attivita-di-autenticazione","status":"publish","type":"page","link":"https:\/\/conshouston.esteri.it\/it\/servizi-consolari-e-visti\/servizi-per-il-cittadino-italiano\/servizi-notarili\/attivita-di-autenticazione\/","title":{"rendered":"Attivita&#8217; di autenticazione"},"content":{"rendered":"<p style=\"text-align: justify;\">L&#8217;attivit\u00e0 di autenticazione \u00e8 normalmente svolta da un pubblico funzionario del Consolato. Trattasi in particolare di:<\/p>\n<ul style=\"text-align: justify;\">\n<li>Autentica di Firma: consiste nell&#8217;attestazione da parte del pubblico funzionario della provenienza di un atto da parte del soggetto che lo ha firmato.<br \/>\nPer procedere all&#8217;autenticazione della firma, \u00e8 necessario presentarsi personalmente presso l\u2019Ufficio Notarile con un documento di riconoscimento ed il proprio codice fiscale;<\/li>\n<li>Autentica di Fotografia: a tal fine \u00e8 necessario presentarsi personalmente presso l\u2019Ufficio Notarile con un documento di riconoscimento e tre fotografie uguali.<\/li>\n<\/ul>\n<h4 style=\"text-align: justify;\">L\u2019autocertificazione<\/h4>\n<p style=\"text-align: justify;\">Per &#8220;autocertificazione&#8221; si intende &#8220;la certificazione prodotta dall\u2019interessato in sostituzione della normale certificazione&#8221; (art.2, legge 15\/1968). Essa rappresenta cio\u00e8 la possibilit\u00e0 per il cittadino di fornire le stesse notizie presenti in un registro pubblico in modo pi\u00f9 semplice e con meno oneri.<\/p>\n<p style=\"text-align: justify;\">La possibilit\u00e0 di avvalersi dell\u2019autocertificazione \u00e8 concessa a tutti i cittadini italiani e dei Paesi europei.<br \/>\nLa facolt\u00e0 di avvalersi di dichiarazioni sostitutive \u00e8 stata estesa anche ai cittadini extracomunitari regolarmente soggiornanti in Italia limitatamente ai dati verificabili o certificabili in Italia da soggetti pubblici.<\/p>\n<p style=\"text-align: justify;\">L\u2019autocertificazione e le dichiarazioni sostitutive possono essere utilizzate nei rapporti con la Pubblica Amministrazione e con i concessionari e i gestori di pubblici servizi.<br \/>\nNon possono invece essere utilizzate nei rapporti tra i privati, salvo che gli stessi non vi acconsentano, e davanti all\u2019autorit\u00e0 giudiziaria nello svolgimento di funzioni giurisdizionali.<\/p>\n<p style=\"text-align: justify;\">Certificati sostituiti dall\u2019autocertificazione<\/p>\n<p style=\"text-align: justify;\">L\u2019autocertificazione pu\u00f2 essere sostitutiva di:<\/p>\n<p><span style=\"text-decoration: underline;\">NORMALI CERTIFICAZIONI<\/span><\/p>\n<p style=\"text-align: justify;\">Si pu\u00f2 dunque ricorrere all\u2019autocertificazione nei seguenti casi:<\/p>\n<ul style=\"text-align: justify;\">\n<li>data e luogo di nascita;<\/li>\n<li>residenza;<\/li>\n<li>cittadinanza;<\/li>\n<li>godimento dei diritti politici;<\/li>\n<li>stato di celibe, coniugato o vedovo;<\/li>\n<li>stato di famiglia;<\/li>\n<li>esistenza in vita;<\/li>\n<li>nascita del figlio;<\/li>\n<li>decesso del coniuge, dell\u2019ascendente o discendente;<\/li>\n<li>posizione agli effetti degli obblighi militari;<\/li>\n<li>iscrizione in albi o elenchi tenuti dalla Pubblica Amministrazione;<\/li>\n<li>titoli di studio acquisiti;<\/li>\n<li>qualifiche professionali;<\/li>\n<li>esami sostenuti universitari e di stato;<\/li>\n<li>titoli di specializzazione;<\/li>\n<li>titoli di abilitazione;<\/li>\n<li>titoli di formazione;<\/li>\n<li>titoli di aggiornamento;<\/li>\n<li>titoli di qualificazione tecnica;<\/li>\n<li>situazione reddituale o economica anche ai fini della concessione di benefici e vantaggi di qualsiasi tipo previsti da leggi speciali;<\/li>\n<li>assolvimento di specifici obblighi contributivi con l\u2019indicazione dell\u2019ammontare;<\/li>\n<li>codice fiscale o partita IVA;<\/li>\n<li>qualsiasi dato dell\u2019anagrafe tributaria;<\/li>\n<li>stato di disoccupazione;<\/li>\n<li>qualit\u00e0 di pensionato e categoria di pensione;<\/li>\n<li>qualit\u00e0 di studente;<\/li>\n<li>qualit\u00e0 di casalinga;<\/li>\n<li>qualit\u00e0 di legale rappresentante di persone fisiche o giuridiche, di tutore, di curatore e simili;<\/li>\n<li>iscrizione presso associazioni o formazioni sociali di qualsiasi tipo;<\/li>\n<li>adempimento o meno degli obblighi militari compresi quelli di cui all\u2019art. 77 del D.P.R. n. 237\/64 come modificato dall\u2019art. 22 della legge 958\/86;<\/li>\n<li>assenza di condanne penali;<\/li>\n<li>qualit\u00e0 di vivenza a carico;<\/li>\n<li>tutti i dati a diretta conoscenza dell\u2019interessato contenuti nei registri dello stato civile.<\/li>\n<\/ul>\n<h4 style=\"text-align: justify;\">Modalit\u00e0 della dichiarazione sostitutiva di certificati<\/h4>\n<p style=\"text-align: justify;\">La dichiarazione sostitutiva delle normali certificazioni si pu\u00f2 fare scrivendo su carta semplice e firmando sotto la propria ed esclusiva responsabilit\u00e0 (non \u00e8 necessario firmare davanti all\u2019impiegato) o compilando dichiarazioni sostitutive.<br \/>\nInoltre, \u00e8 possibile trasmettere documenti, atti e certificati per fax, per posta o mezzo telematico e informatico alle Amministrazioni Pubbliche.<\/p>\n<p style=\"text-align: justify;\"><span style=\"text-decoration: underline;\">ATTI NOTORI<\/span><\/p>\n<p style=\"text-align: justify;\">Gli interessati possono ricorrere all\u2019autocertificazione per tutti gli stati, fatti e qualit\u00e0 personali che non siano certificabili da parte di una pubblica amministrazione, mediante dichiarazione sostitutiva dell\u2019atto di notoriet\u00e0 ai sensi dell\u2019art.47 del DPR 445\/2000.<br \/>\nInoltre, la dichiarazione sostitutiva dell\u2019atto di notoriet\u00e0 pu\u00f2 riguardare anche circostanze relative ad altri soggetti, di cui il dichiarante abbia diretta conoscenza, nonch\u00e9 la possibilit\u00e0 di attestare la conformit\u00e0 all\u2019originale di una pubblicazione.<\/p>\n<p style=\"text-align: justify;\">La dichiarazione sostitutiva di atti notori pu\u00f2 essere fatta dichiarando fatti, stati o qualit\u00e0 personali a diretta conoscenza dell\u2019interessato dinanzi al funzionario competente a ricevere la documentazione.<\/p>\n<p style=\"text-align: justify;\">Validit\u00e0 delle dichiarazioni sostitutive di normali certificazioni e di atti notori<\/p>\n<p style=\"text-align: justify;\">Le dichiarazioni sostitutive hanno la stessa validit\u00e0 degli atti che sostituiscono.<br \/>\nNormalmente i certificati hanno validit\u00e0 per sei mesi dalla data in cui sono stati rilasciati, salvo che norme di legge o regolamentari non dispongano una validit\u00e0 superiore. La validit\u00e0 delle certificazioni anagrafiche e quelle relative allo stato civile \u00e8 prolungabile se l\u2019interessato dichiara che i dati contenuti nel certificato non hanno subito modifiche e sottoscrive tale dichiarazione.<br \/>\nHanno validit\u00e0 illimitata, invece, i certificati e le dichiarazioni sostitutive che attestano stati e fatti personali che non sono soggetti a modificazioni (certificati di nascita, di morte, titoli di studio, ecc.).<\/p>\n<p style=\"text-align: justify;\">Quali sono i casi in cui l\u2019autocertificazione non \u00e8 MAI ammessa<\/p>\n<p style=\"text-align: justify;\">La possibilit\u00e0 di avvalersi dell\u2019autocertificazione non \u00e8 mai ammessa per i certificati:<\/p>\n<ul style=\"text-align: justify;\">\n<li>medici;<\/li>\n<li>sanitari;<\/li>\n<li>veterinari;<\/li>\n<li>di origine;<\/li>\n<li>di conformit\u00e0 all\u2019Ue;<\/li>\n<li>marchi;<\/li>\n<li>brevetti;<\/li>\n<\/ul>\n<p style=\"text-align: justify;\">Casi in cui la Pubblica Amministrazione NON PUO\u2019 pi\u00f9 chiedere certificazioni ai cittadini<\/p>\n<p style=\"text-align: justify;\">Nel caso in cui si debba certificare i dati relativi a cognome, nome, luogo e data di nascita, cittadinanza, stato civile e residenza, la Pubblica Amministrazione non pu\u00f2 pi\u00f9 chiedere certificazioni ma \u00e8 sufficiente l\u2019esibizione di un documento di riconoscimento.<br \/>\nLa registrazione dei dati avviene attraverso la fotocopia non autenticata del documento stesso.<br \/>\nSe il documento non \u00e8 pi\u00f9 valido, l\u2019interessato deve dichiarare, in margine alla fotocopia, che i dati contenuti nel documento non sono variati dalla data del rilascio.<\/p>\n<p style=\"text-align: justify;\">Sanzioni per i cittadini che forniscono dichiarazioni non veritiere<\/p>\n<p style=\"text-align: justify;\">Se le amministrazioni hanno dubbi sulla veridicit\u00e0 delle autocertificazioni, sono tenute a effettuare i controlli necessari.<br \/>\nNel caso vengano riscontrate dichiarazioni mendaci, la falsit\u00e0 negli atti e l\u2019uso di atti falsi sono puniti ai sensi del codice penale e delle leggi in materia.<br \/>\nIl dichiarante inoltre decade dai benefici eventualmente conseguiti grazie a provvedimenti basati su dichiarazioni non veritiere.<\/p>\n<h4 style=\"text-align: justify;\">Documenti di riconoscimento e di identit\u00e0<\/h4>\n<p style=\"text-align: justify;\">In tutti i casi in cui viene richiesto un documento di identit\u00e0 esso pu\u00f2 essere sostituito da un documento di riconoscimento equipollente. Sono equipollenti alla carta di identit\u00e0:<\/p>\n<ul style=\"text-align: justify;\">\n<li>Il passaporto;<\/li>\n<li>La patente di guida;<\/li>\n<li>La patente nautica;<\/li>\n<li>Il libretto di pensione;<\/li>\n<li>Il patentino di abilitazione alla conduzione di impianti termici;<\/li>\n<li>Il porto d\u2019armi;<\/li>\n<li>Le tessere di riconoscimento rilasciate da un\u2019Amministrazione dello Stato, purch\u00e8 munite di fotografia e di timbro o altra segnatura equivalente.<\/li>\n<\/ul>\n<p style=\"text-align: justify;\">Nel caso il documento sia scaduto, esso pu\u00f2 essere ugualmente esibito, con una dichiarazione dell\u2019interessato sulla fotocopia del documento che i dati in esso contenuti non sono cambiati.<\/p>\n<h4 style=\"text-align: justify;\">Legalizzazione di atti pubblici americani<\/h4>\n<p style=\"text-align: justify;\">La Convenzione dell&#8217;Aja riguardante l&#8217;abolizione della legalizzazione di atti pubblici stranieri del 5 ottobre 1961, ratificata dall&#8217;Italia con la legge n. 1253 del 20 dicembre 1966, \u00e8 stata resa esecutiva negli Stati Uniti nel 1981.<\/p>\n<p style=\"text-align: justify;\">Con l&#8217;entrata in vigore della predetta Convenzione \u00e8 abolita pertanto la legalizzazione consolare su atti pubblici destinati a conseguire efficacia giuridica in Italia.<\/p>\n<p style=\"text-align: justify;\">L&#8217;attestazione ufficiale della legale qualit\u00e0 di chi ha apposto la firma sul documento, nonch\u00e9 della sua autenticit\u00e0, \u00e8 rilasciata dal Secretary of State dello Stato dal quale il documento stesso \u00e8 originato mediante l\u2019<a href=\"https:\/\/conshouston.esteri.it\/it\/servizi-consolari-e-visti\/servizi-per-il-cittadino-italiano\/apostille\/\" target=\"_blank\" rel=\"noopener\">Apostille<\/a>.<\/p>\n<p style=\"text-align: justify;\">Gli atti pubblici che pi\u00f9 frequentemente necessitano dell&#8217;Apostille sono i seguenti:<\/p>\n<ul>\n<li style=\"text-align: justify;\">certificati di stato civile per uso trascrizione (nascita, matrimonio, divorzio, morte)<\/li>\n<li style=\"text-align: justify;\">autentiche di firma sottoscritte in presenza di un Notary Public<\/li>\n<li style=\"text-align: justify;\">sentenze di divorzio<\/li>\n<li style=\"text-align: justify;\">titoli e certificazioni di studio (official transcript, diploma, ecc.)<\/li>\n<\/ul>\n","protected":false},"excerpt":{"rendered":"L&#8217;attivit\u00e0 di autenticazione \u00e8 normalmente svolta da un pubblico funzionario del Consolato. Trattasi in particolare di: Autentica di Firma: consiste nell&#8217;attestazione da parte del pubblico funzionario della provenienza di un atto da parte del soggetto che lo ha firmato. Per procedere all&#8217;autenticazione della firma, \u00e8 necessario presentarsi personalmente presso l\u2019Ufficio Notarile con un documento di [&hellip;]","protected":false},"author":7,"featured_media":0,"parent":89,"menu_order":2,"comment_status":"closed","ping_status":"closed","template":"","meta":{"footnotes":""},"class_list":["post-660","page","type-page","status-publish","hentry"],"_links":{"self":[{"href":"https:\/\/conshouston.esteri.it\/it\/wp-json\/wp\/v2\/pages\/660","targetHints":{"allow":["GET"]}}],"collection":[{"href":"https:\/\/conshouston.esteri.it\/it\/wp-json\/wp\/v2\/pages"}],"about":[{"href":"https:\/\/conshouston.esteri.it\/it\/wp-json\/wp\/v2\/types\/page"}],"author":[{"embeddable":true,"href":"https:\/\/conshouston.esteri.it\/it\/wp-json\/wp\/v2\/users\/7"}],"replies":[{"embeddable":true,"href":"https:\/\/conshouston.esteri.it\/it\/wp-json\/wp\/v2\/comments?post=660"}],"version-history":[{"count":0,"href":"https:\/\/conshouston.esteri.it\/it\/wp-json\/wp\/v2\/pages\/660\/revisions"}],"up":[{"embeddable":true,"href":"https:\/\/conshouston.esteri.it\/it\/wp-json\/wp\/v2\/pages\/89"}],"wp:attachment":[{"href":"https:\/\/conshouston.esteri.it\/it\/wp-json\/wp\/v2\/media?parent=660"}],"curies":[{"name":"wp","href":"https:\/\/api.w.org\/{rel}","templated":true}]}}