{"id":7078,"date":"2025-09-10T14:00:04","date_gmt":"2025-09-10T19:00:04","guid":{"rendered":"https:\/\/conshouston.esteri.it\/?page_id=7078"},"modified":"2026-03-19T16:08:05","modified_gmt":"2026-03-19T21:08:05","slug":"riacquisto-della-cittadinanza-italiana-per-residenza-art-13-co-1-legge-91-del-1992","status":"publish","type":"page","link":"https:\/\/conshouston.esteri.it\/it\/servizi-consolari-e-visti\/servizi-per-il-cittadino-straniero\/cittadinanza\/riacquisto-della-cittadinanza\/riacquisto-della-cittadinanza-italiana-per-residenza-art-13-co-1-legge-91-del-1992\/","title":{"rendered":"Riacquisto della cittadinanza italiana per residenza art. 13 co 1 Legge 91 del 1992"},"content":{"rendered":"<p style=\"text-align: justify;\">Coloro che hanno perso la cittadinanza italiana possono riacquistarla:<\/p>\n<ol style=\"text-align: justify;\">\n<li>se dichiarano di volerla riacquistare e hanno stabilito o stabiliscono, entro un anno dalla dichiarazione, la residenza in Italia (art. 13, co 1 lett. c della Legge 5 febbraio 1992, n. 91);<\/li>\n<li>dopo un anno dalla data in cui abbiano stabilito la residenza in Italia, salvo espressa rinuncia entro lo stesso termine (art. 13, co 1 lett. d della Legge 5 febbraio 1992, n. 91).<\/li>\n<\/ol>\n<p style=\"text-align: justify;\"><strong>MODALIT\u00c0 DI PRESENTAZIONE DELLA DOMANDA DI RIACQUISTO E DOCUMENTAZIONE NECESSARIA<\/strong><\/p>\n<p style=\"text-align: justify;\">La dichiarazione della volont\u00e0 di riacquistare la cittadinanza italiana per residenza, secondo l\u2019art. 13 co 1 lett. c della Legge 91 del 1992, pu\u00f2 essere resa direttamente presso il Comune ove si \u00e8 stabilita la residenza o pu\u00f2 essere resa in Consolato, prima di trasferire la residenza in Italia.<\/p>\n<p style=\"text-align: justify;\"><strong>MODALIT\u00c0 DI PRESENTAZIONE<\/strong><\/p>\n<p>La prenotazione per presentare la dichiarazione di intenzione di riacquistare la cittadinanza italiana, deve essere effettuata esclusivamente tramite il portale Prenot@mi (<a href=\"https:\/\/prenotami.esteri.it\/\">https:\/\/prenotami.esteri.it\/<\/a>) selezionando il Servizio \u201cRiacquisto Cittadinanza Italiana\u201d. Durante la prenotazione:<\/p>\n<ul>\n<li>Caricare la scansione del <a href=\"https:\/\/conshouston.esteri.it\/wp-content\/uploads\/2026\/03\/Form_riacquisto_13.pdf\">Form_Riacquisto_art.13<\/a>\u00a0compilato.<\/li>\n<li>Caricare la scansione del <strong>Estratto dell\u2019atto di nascita.<\/strong><\/li>\n<\/ul>\n<p>Si invita cortesemente a verificare che,\u00a0<strong>al momento dell\u2019appuntamento<\/strong>, la documentazione presentata sia\u00a0<strong>completa e conforme<\/strong>\u00a0ai requisiti richiesti.<\/p>\n<p>Qualora la documentazione risultasse\u00a0<strong>incompleta o non conforme<\/strong>, non sar\u00e0 possibile procedere con la richiesta, che dovr\u00e0 pertanto essere\u00a0<strong>ripresentata successivamente previo appuntamento prenotato<\/strong>, seguendo le istruzioni pubblicate sul sito.<\/p>\n<p style=\"text-align: justify;\"><strong>DOCUMENTAZIONE DA PRESENTARE<\/strong><\/p>\n<ul style=\"text-align: justify;\">\n<li><a href=\"https:\/\/conshouston.esteri.it\/wp-content\/uploads\/2026\/03\/Form_riacquisto_13.pdf\">Form_Riacquisto_art.13<\/a><a href=\"https:\/\/conshouston.esteri.it\/wp-content\/uploads\/2025\/09\/MODULO-RIACQUISTO-ART-13.pdf\" target=\"_blank\" rel=\"noopener\">\u00a0<\/a><strong>;<\/strong><\/li>\n<li>Copia del <strong>passaporto in corso di validit\u00e0\u00a0<\/strong>emesso dall\u2019autorita\u2019 del Paese di attuale Cittadinanza;<\/li>\n<li><strong>Prova di residenza nella circoscrizione consolare<\/strong>\u00a0(bolletta di utenza, patente di guida o carta d\u2019identit\u00e0 emessa dallo Stato di residenza);<\/li>\n<li><strong>Estratto dell\u2019atto di nascita <\/strong>rilasciato, negli ultimi sei mesi, dal Comune in Italia dove la nascita e\u2019 avvenuta o e\u2019 stata registrata;<\/li>\n<li>Copia dell\u2019<strong>ultimo passaporto italiano\u00a0<\/strong>(ove disponibile);<\/li>\n<li><strong>Certificato di naturalizzazione straniera<\/strong>, oppure documentazione equivalente secondo la prassi locale del Paese estero di riferimento (certificato di nascita corredato dalla certificazione di cittadinanza) indicante data e modalit\u00e0 di acquisizione della cittadinanza straniera.<\/li>\n<\/ul>\n<p style=\"text-align: justify;\">Nel caso in cui la documentazione risultasse incompleta o non conforme, la richiesta verr\u00e0 rifiutata e dovr\u00e0 essere ripresentata seguendo le istruzioni pubblicate sul sito.<\/p>\n<p style=\"text-align: justify;\">Il giorno dell\u2019appuntamento, il richiedente dovr\u00e0 presentare la documentazione originale, una copia della stessa e ricevuta del versamento di \u20ac 250 al Ministero dell\u2019Interno, secondo le modalit\u00e0 sotto indicate<\/p>\n<p style=\"text-align: justify;\">BENEFICIARIO: \u201cMINISTERO DELL\u2019 INTERNO D.L.C.I. \u2013 CITTADINANZA\u201d Piazzale del Viminale, 00184 ROMA (ITALIA)<br \/>\nCODICE IBAN: IT54D0760103200000000809020<br \/>\nSWIFT CODE: BPPIITRRXXX<br \/>\nEUROGIRO: PIBPITRA<br \/>\nCAUSALE DEL VERSAMENTO: (Nome e Cognome Istanza di riacquisto cittadinanza).<\/p>\n<p style=\"text-align: justify;\">Il mancato trasferimento, entro un anno dalla dichiarazione, della residenza in Italia, comporta l\u2019inefficacia della dichiarazione resa in Consolato.<\/p>\n<p style=\"text-align: justify;\">\u00c8\u00a0onere dell\u2019interessato verificare con le autorit\u00e0 in Italia i requisiti per il regolare soggiorno sul territorio italiano e per l\u2019iscrizione all\u2019anagrafe della popolazione residente.<\/p>\n","protected":false},"excerpt":{"rendered":"Coloro che hanno perso la cittadinanza italiana possono riacquistarla: se dichiarano di volerla riacquistare e hanno stabilito o stabiliscono, entro un anno dalla dichiarazione, la residenza in Italia (art. 13, co 1 lett. c della Legge 5 febbraio 1992, n. 91); dopo un anno dalla data in cui abbiano stabilito la residenza in Italia, salvo [&hellip;]","protected":false},"author":7,"featured_media":0,"parent":871,"menu_order":1,"comment_status":"closed","ping_status":"closed","template":"","meta":{"footnotes":""},"class_list":["post-7078","page","type-page","status-publish","hentry"],"_links":{"self":[{"href":"https:\/\/conshouston.esteri.it\/it\/wp-json\/wp\/v2\/pages\/7078","targetHints":{"allow":["GET"]}}],"collection":[{"href":"https:\/\/conshouston.esteri.it\/it\/wp-json\/wp\/v2\/pages"}],"about":[{"href":"https:\/\/conshouston.esteri.it\/it\/wp-json\/wp\/v2\/types\/page"}],"author":[{"embeddable":true,"href":"https:\/\/conshouston.esteri.it\/it\/wp-json\/wp\/v2\/users\/7"}],"replies":[{"embeddable":true,"href":"https:\/\/conshouston.esteri.it\/it\/wp-json\/wp\/v2\/comments?post=7078"}],"version-history":[{"count":6,"href":"https:\/\/conshouston.esteri.it\/it\/wp-json\/wp\/v2\/pages\/7078\/revisions"}],"predecessor-version":[{"id":8587,"href":"https:\/\/conshouston.esteri.it\/it\/wp-json\/wp\/v2\/pages\/7078\/revisions\/8587"}],"up":[{"embeddable":true,"href":"https:\/\/conshouston.esteri.it\/it\/wp-json\/wp\/v2\/pages\/871"}],"wp:attachment":[{"href":"https:\/\/conshouston.esteri.it\/it\/wp-json\/wp\/v2\/media?parent=7078"}],"curies":[{"name":"wp","href":"https:\/\/api.w.org\/{rel}","templated":true}]}}