{"id":7230,"date":"2025-10-16T09:56:14","date_gmt":"2025-10-16T14:56:14","guid":{"rendered":"https:\/\/conshouston.esteri.it\/?page_id=7230"},"modified":"2025-10-16T10:02:22","modified_gmt":"2025-10-16T15:02:22","slug":"netiquette-dei-social-media-del-consolato","status":"publish","type":"page","link":"https:\/\/conshouston.esteri.it\/it\/chi-siamo\/contatti\/netiquette-dei-social-media-del-consolato\/","title":{"rendered":"Netiquette dei social media del Consolato"},"content":{"rendered":"<p style=\"text-align: justify;\" data-start=\"45\" data-end=\"957\">Il Consolato Generale d\u2019Italia a Houston utilizza i social media per finalit\u00e0 istituzionali al fine di promuovere la trasparenza e informare il pubblico sulle proprie attivit\u00e0: informa, comunica, riceve e pubblica contenuti di natura istituzionale.<br data-start=\"293\" data-end=\"296\" \/>I contenuti pubblicati includono fotografie, video istituzionali, comunicati stampa, informazioni sui servizi, notizie riguardanti le attivit\u00e0 di questa istituzione e opportunit\u00e0 di partecipazione e coinvolgimento pubblico. I dati personali sono trattati in conformit\u00e0 alla normativa vigente.<br data-start=\"588\" data-end=\"591\" \/>Attraverso i propri canali social, questa istituzione pu\u00f2 condividere e ripubblicare contenuti e messaggi di interesse pubblico o di servizio pubblicati da altri utenti.<br data-start=\"760\" data-end=\"763\" \/>Il Consolato Generale d\u2019Italia a Houston si impegna a gestire gli spazi di comunicazione e dialogo attraverso i propri account social e chiede agli utenti di rispettare alcune semplici regole:<\/p>\n<ol style=\"text-align: justify;\" data-start=\"959\" data-end=\"2126\">\n<li data-start=\"959\" data-end=\"1075\">\n<p data-start=\"962\" data-end=\"1075\">Si prega di essere rispettosi nell\u2019esprimere la propria opinione, mantenendo sempre un tono corretto e cortese.<\/p>\n<\/li>\n<li data-start=\"1076\" data-end=\"1296\">\n<p data-start=\"1079\" data-end=\"1296\">Nei social media, ognuno \u00e8 responsabile dei contenuti pubblicati e delle opinioni espresse. Insulti, linguaggio osceno, offese, minacce e, pi\u00f9 in generale, atteggiamenti violenti o diffamatori non saranno tollerati.<\/p>\n<\/li>\n<li data-start=\"1297\" data-end=\"1498\">\n<p data-start=\"1300\" data-end=\"1498\">I contenuti pubblicati devono sempre rispettare la privacy delle persone. Devono essere evitati riferimenti a fatti o dettagli privi di rilevanza pubblica e che invadano la sfera personale altrui.<\/p>\n<\/li>\n<li data-start=\"1499\" data-end=\"1708\">\n<p data-start=\"1502\" data-end=\"1708\">\u00c8 necessario che l\u2019interesse riguardi le questioni e le attivit\u00e0 di questa istituzione: non \u00e8 in alcun modo ammissibile utilizzare questi spazi per finalit\u00e0 diverse da quelle esclusivamente istituzionali.<\/p>\n<\/li>\n<li data-start=\"1709\" data-end=\"1881\">\n<p data-start=\"1712\" data-end=\"1881\">Ogni dibattito \u00e8 legato a un tema specifico: si richiede a tutti i partecipanti di attenervisi, evitando di estendere la discussione in modo generico e indiscriminato.<\/p>\n<\/li>\n<li data-start=\"1882\" data-end=\"1991\">\n<p data-start=\"1885\" data-end=\"1991\">Non \u00e8 consentita alcuna forma di pubblicit\u00e0, spam o promozione di interessi privati e attivit\u00e0 illegali.<\/p>\n<\/li>\n<li data-start=\"1992\" data-end=\"2126\">\n<p data-start=\"1995\" data-end=\"2126\">Non sono ammessi contenuti che violino le leggi sul diritto d\u2019autore o che comportino l\u2019uso non autorizzato di marchi registrati.<\/p>\n<\/li>\n<\/ol>\n<p style=\"text-align: justify;\" data-start=\"2128\" data-end=\"3059\">In ogni caso, ove il social network lo consenta, il personale del Ministero potr\u00e0 rimuovere post, commenti o materiali audio\/video che:<\/p>\n<ul>\n<li>utilizzino un linguaggio inappropriato e\/o un tono minaccioso, violento, volgare o irrispettoso;<\/li>\n<li>contengano contenuti illeciti o incitino a comportamenti illegali;<\/li>\n<li>contengano contenuti offensivi, fuorvianti, allarmistici o lesivi dei diritti altrui;<\/li>\n<li>diffondano dati personali o informazioni idonee a recare pregiudizio o danno alla reputazione di terzi;<\/li>\n<li>contengano materiali indecenti, pornografici o pedopornografici, o comunque tali da offendere la sensibilit\u00e0 degli utenti;<\/li>\n<li>contengano contenuti discriminatori per genere, razza, etnia, lingua, religione, opinioni politiche, orientamento sessuale, et\u00e0, condizione personale o sociale;<\/li>\n<li>promuovano o sostengano attivit\u00e0 illegali, violino le norme sul diritto d\u2019autore o utilizzino impropriamente marchi registrati.<\/li>\n<\/ul>\n<p style=\"text-align: justify;\" data-start=\"3061\" data-end=\"3527\">Questa istituzione, in coerenza con la Social Media Policy del Ministero degli Affari Esteri e della Cooperazione Internazionale, si riserva il diritto di utilizzare la funzione di blocco o ban (ove possibile, previo avvertimento) nei confronti di chi violi ripetutamente tali condizioni o quelle previste dalle policy delle piattaforme utilizzate, al fine di impedire ulteriori abusi, e di segnalare l\u2019utente al webmaster e, se del caso, alle autorit\u00e0 competenti.<\/p>\n<p style=\"text-align: justify;\" data-start=\"3529\" data-end=\"3814\" data-is-last-node=\"\" data-is-only-node=\"\">Questo ufficio non interagisce con gli utenti attraverso i propri profili social, che non sostituiscono i consueti canali di accesso alle informazioni e ai servizi di assistenza. Il Consolato pu\u00f2 essere contattato secondo le modalit\u00e0 indicate nella sezione dedicata di questo sito web.<\/p>\n<p class=\"boxLevel04\">Link utili:<\/p>\n<ul>\n<li><a href=\"https:\/\/www.esteri.it\/en\/sala_stampa\/\">Press Room of the Italian Ministry of Foreign Affairs and International Cooperation<\/a><\/li>\n<li><a href=\"https:\/\/www.state.gov\/press\/\">Newsroom of the U.S. Department of State<\/a><\/li>\n<li><a href=\"https:\/\/www.whitehouse.gov\/news\/\" target=\"_blank\" rel=\"noopener\">White House Briefing Room<\/a><\/li>\n<li><a href=\"https:\/\/www.esteri.it\/en\/sala_stampa\/pubblicazioni-e-book\/annuario_statistico\/\" target=\"_blank\" rel=\"noopener\">Statistical Yearbook of the Italian Ministry of Foreign Affairs and International Cooperation<\/a><\/li>\n<\/ul>\n","protected":false},"excerpt":{"rendered":"Il Consolato Generale d\u2019Italia a Houston utilizza i social media per finalit\u00e0 istituzionali al fine di promuovere la trasparenza e informare il pubblico sulle proprie attivit\u00e0: informa, comunica, riceve e pubblica contenuti di natura istituzionale.I contenuti pubblicati includono fotografie, video istituzionali, comunicati stampa, informazioni sui servizi, notizie riguardanti le attivit\u00e0 di questa istituzione e opportunit\u00e0 [&hellip;]","protected":false},"author":7,"featured_media":0,"parent":37,"menu_order":1,"comment_status":"closed","ping_status":"closed","template":"","meta":{"footnotes":""},"class_list":["post-7230","page","type-page","status-publish","hentry"],"_links":{"self":[{"href":"https:\/\/conshouston.esteri.it\/it\/wp-json\/wp\/v2\/pages\/7230","targetHints":{"allow":["GET"]}}],"collection":[{"href":"https:\/\/conshouston.esteri.it\/it\/wp-json\/wp\/v2\/pages"}],"about":[{"href":"https:\/\/conshouston.esteri.it\/it\/wp-json\/wp\/v2\/types\/page"}],"author":[{"embeddable":true,"href":"https:\/\/conshouston.esteri.it\/it\/wp-json\/wp\/v2\/users\/7"}],"replies":[{"embeddable":true,"href":"https:\/\/conshouston.esteri.it\/it\/wp-json\/wp\/v2\/comments?post=7230"}],"version-history":[{"count":3,"href":"https:\/\/conshouston.esteri.it\/it\/wp-json\/wp\/v2\/pages\/7230\/revisions"}],"predecessor-version":[{"id":7239,"href":"https:\/\/conshouston.esteri.it\/it\/wp-json\/wp\/v2\/pages\/7230\/revisions\/7239"}],"up":[{"embeddable":true,"href":"https:\/\/conshouston.esteri.it\/it\/wp-json\/wp\/v2\/pages\/37"}],"wp:attachment":[{"href":"https:\/\/conshouston.esteri.it\/it\/wp-json\/wp\/v2\/media?parent=7230"}],"curies":[{"name":"wp","href":"https:\/\/api.w.org\/{rel}","templated":true}]}}