{"id":7943,"date":"2026-02-02T12:14:33","date_gmt":"2026-02-02T17:14:33","guid":{"rendered":"https:\/\/conshouston.esteri.it\/?page_id=7943"},"modified":"2026-03-04T14:04:56","modified_gmt":"2026-03-04T19:04:56","slug":"lots-of-italy-in-houston-capitali-della-creativita-italiana-nel-mondo","status":"publish","type":"page","link":"https:\/\/conshouston.esteri.it\/it\/italia-e-usa\/diplomazia-culturale\/lots-of-italy-in-houston-capitali-della-creativita-italiana-nel-mondo\/","title":{"rendered":"Lots of Italy in Houston &#8211; Capitali della Creativita&#8217; Italiana nel mondo"},"content":{"rendered":"<p style=\"text-align: center;\"><img loading=\"lazy\" decoding=\"async\" class=\" wp-image-7954 img-fluid aligncenter\" src=\"https:\/\/conshouston.esteri.it\/wp-content\/uploads\/2026\/02\/5.png\" alt=\"\" width=\"264\" height=\"264\" srcset=\"https:\/\/conshouston.esteri.it\/wp-content\/uploads\/2026\/02\/5.png 500w, https:\/\/conshouston.esteri.it\/wp-content\/uploads\/2026\/02\/5-300x300.png 300w, https:\/\/conshouston.esteri.it\/wp-content\/uploads\/2026\/02\/5-150x150.png 150w\" sizes=\"auto, (max-width: 264px) 100vw, 264px\" \/><\/p>\n<p style=\"text-align: justify;\">Houston \u00e8 stata designata <strong>Capitale della Creativit\u00e0 Italiana nel Mondo 2026<\/strong>, nell\u2019ambito della quarta edizione del premio promosso dal <strong>Ministero degli Affari Esteri e della Cooperazione Internazionale<\/strong>, volto a valorizzare i migliori progetti della rete diplomatica, consolare e culturale italiana per la promozione del <strong>Made in Italy<\/strong> nel mondo.<\/p>\n<p style=\"text-align: justify;\">Insieme a Houston, il riconoscimento \u00e8 stato conferito alle citt\u00e0 di Belgrado e Bangkok. L\u2019iniziativa celebra l\u2019ingegno e l\u2019innovazione italiani, sviluppati in sinergia con le articolazioni del <strong>Sistema Italia<\/strong>, e testimonia il dinamismo della rete diplomatico-consolare, degli <strong>Istituti Italiani di Cultura<\/strong> e degli <strong>Uffici ICE<\/strong> nella diffusione e valorizzazione delle eccellenze italiane all\u2019estero.<\/p>\n<p style=\"text-align: justify;\">Il premio ha inoltre rappresentato un\u2019importante occasione per incoraggiare le Sedi all\u2019estero a ideare e realizzare progetti capaci di valorizzare la <strong>Giornata Nazionale del Made in Italy<\/strong>, istituita il 15 aprile 2024, attraverso iniziative innovative e fortemente radicate nei contesti locali. La selezione dei progetti vincitori \u00e8 stata curata da una commissione composta da rappresentanti del <strong>MAECI<\/strong>, del <strong>Ministero della Cultura<\/strong> e, per la prima volta, del <strong>Ministero delle Imprese e del Made in Italy<\/strong>. I criteri di valutazione hanno premiato l\u2019originalit\u00e0 delle proposte, la coerenza con gli obiettivi della promozione integrata e la capacit\u00e0 di dialogo con i territori di riferimento.<\/p>\n<p style=\"text-align: justify;\">In questo contesto, <strong>Houston<\/strong> si distingue come uno dei principali poli della creativit\u00e0 italiana nel mondo. Citt\u00e0 globale, multiculturale e fortemente orientata all\u2019innovazione, Houston \u00e8 stata selezionata per la capacit\u00e0 di valorizzare in modo strutturato e inclusivo il contributo italiano nei settori strategici della <strong>scienza, della tecnologia, della medicina, dell\u2019aerospazio, dell\u2019energia, del design e della cultura<\/strong>.<\/p>\n<p style=\"text-align: justify;\">Il progetto <strong>\u201cLots of Italy in Houston\u201d<\/strong>, presentato dal <strong>Consolato Generale d\u2019Italia a Houston<\/strong>, metter\u00e0 in luce il ruolo significativo svolto dagli italiani e dagli italo-americani nella crescita culturale, scientifica ed economica della citt\u00e0. Nel corso del 2026, Houston diventer\u00e0 un vivace hub della creativit\u00e0 italiana grazie a un programma articolato che comprender\u00e0 una <strong>applicazione interattiva dedicata alle presenze italiane in citt\u00e0<\/strong>, attivit\u00e0 educative per le scuole, mostre, spettacoli e una rete di iniziative diffuse sul territorio, con il coinvolgimento delle istituzioni locali, del mondo accademico, delle imprese e della comunit\u00e0 italiana.<\/p>\n<p style=\"text-align: justify;\">Nel quadro delle <strong>Capitali della Creativit\u00e0 Italiana nel Mondo 2026<\/strong>, Houston rappresenta un modello particolarmente significativo di <strong>promozione integrata dell\u2019Italia all\u2019estero<\/strong>, capace di coniugare creativit\u00e0, innovazione, cultura e Made in Italy, rafforzando il dialogo transatlantico e consolidando il ruolo del Consolato Generale d\u2019Italia quale punto di riferimento per la comunit\u00e0 italiana, gli italofili e i partner locali.<\/p>\n<h2 style=\"text-align: justify;\"><strong>Programma LOTS OF ITALY IN HOUSTON<\/strong><\/h2>\n<p>&nbsp;<\/p>\n<p><strong>2 marzo<\/strong> \u2014 <strong>Delicious Italian: A Day of Made in Italy in Houston <\/strong><br \/>\nUn raffinato evento enogastronomico con degustazion1i guidate, promozione del turismo delle radici e iniziative contro l\u2019Italian sounding. In collaborazione con aziende italiane, si valorizzano le eccellenze autentiche del Made in Italy.<\/p>\n<p>&nbsp;<\/p>\n<p><strong>9 marzo<\/strong> \u2014 <strong>A Blue Diamond <\/strong><\/p>\n<p>In occasione del World Baseball classic, un evento esclusivo con la squadra italiana di baseball, che unisce sport e cultura attraverso incontri con i giocatori, racconti di esperienze sul campo, degustazioni di eccellenze enogastronomiche italiane e promozione di articoli sportivi made in Italy. Un\u2019occasione privilegiata di networking tra impresa, sport e tradizione italiana.<\/p>\n<p>&nbsp;<\/p>\n<p><strong>21 marzo<\/strong> \u2014 <strong>Italian Adventures in Texas: Family Day <\/strong><\/p>\n<p>Una giornata interamente dedicata alle famiglie, con attivit\u00e0 ludico-educative, laboratori di cucina, letture animate e il videogioco \u201cItaly Land of Wonders\u201d. Un\u2019opportunit\u00e0 per esplorare la lingua e la cultura italiana in modo coinvolgente e divertente.<\/p>\n<p>&nbsp;<\/p>\n<p><strong>30 marzo<\/strong> \u2014 <strong>Italian Talent Show <\/strong><\/p>\n<p>Una vibrante competizione tra studenti universitari, che si sfidano in performance artistiche di musica, teatro, poesia e letture in lingua italiana. Un momento di espressione creativa che favorisce il dialogo interculturale e valorizza i giovani talenti.<\/p>\n<p>&nbsp;<\/p>\n<p><strong>18 aprile<\/strong> \u2014 <strong>There is a lot of Space in Italy <\/strong><\/p>\n<p>Al Johnson Space Center si celebra l\u2019eccellenza della cooperazione scientifica tra Italia e NASA, con un evento di alto profilo che vede protagonisti astronauti di ESA e ASI, ricercatori, imprese e istituzioni. In primo piano il programma Artemis e il ruolo dell\u2019Italia nella ISS, con esposizioni, tavole rotonde e interventi di rilievo.<\/p>\n<p>&nbsp;<\/p>\n<p><strong>20 aprile<\/strong> \u2014 <strong>Exploring Italian Cultural Influence in Houston <\/strong><\/p>\n<p>Un concerto-lezione di canzoni italiane presentato e interpretato da Alessandro Carrera, Chair del Dipartimento MCL e Direttore degli Studi Italiani. Al centro del programma <em data-start=\"177\" data-end=\"189\">Bella Ciao<\/em>, celebre canto partigiano della Seconda guerra mondiale, divenuto famoso in tutto il mondo. L\u2019incontro ne esplora le due versioni, le radici popolari e le origini ancora misteriose<\/p>\n<p>&nbsp;<\/p>\n<p><strong>24 aprile<\/strong> \u2014 <strong>Creative Contemporary Italian Art <\/strong><\/p>\n<p>La storica galleria fiorentina i Guarnieri presenta una masterclass con dimostrazioni dal vivo, reinterpretando in chiave contemporanea l\u2019estetica del Rinascimento. Un\u2019esperienza artistica unica che promuove la creativit\u00e0 e l\u2019eccellenza dell\u2019arte italiana.<\/p>\n<p>&nbsp;<\/p>\n<p><strong>27 aprile<\/strong> \u2014 <strong>Giornata della ricerca italiana nel mondo <\/strong><\/p>\n<p>All\u2019interno del prestigioso Texas Medical Center, si mette in risalto il contributo della ricerca medica italiana in Texas. L\u2019evento promuove il confronto tra scienziati, aziende, istituzioni e comunit\u00e0 accademica, presentando innovazioni e collaborazioni all\u2019avanguardia.<\/p>\n<p>&nbsp;<\/p>\n<p><b>5 maggio <\/b>\u2014 <strong>Italian Advanced Technology Application <\/strong><\/p>\n<p>Imprese e professionisti italiani presentano soluzioni tecnologiche d\u2019avanguardia, favorendo il dialogo e le connessioni tra innovazione e mondo imprenditoriale.<\/p>\n<p>&nbsp;<\/p>\n<p><b>15 maggio <\/b>\u2014 <strong>Omaggio a Respighi <\/strong><\/p>\n<p>Le<span style=\"font-size: 12t; color: black;\">\u00a0musiciste italiane Laura Cividino, violino, e Lucrezia Slomp, pianoforte, offrono un concerto di musica classica con un programma cameristico dedicato al Decadentismo italiano, in occasione del novantesimo anno dalla morte del celebre compositore Ottorino Respighi.<\/span><\/p>\n<p>&nbsp;<\/p>\n<p><strong>TBC<\/strong> \u2014 <strong>Tex in Texas <\/strong><\/p>\n<p>Un omaggio culturale al leggendario Tex Willer, simbolo del fumetto italiano, e al suo profondo legame con l\u2019immaginario del West texano.<\/p>\n<p>&nbsp;<\/p>\n<p data-start=\"0\" data-end=\"151\">\n<p style=\"text-align: justify;\"><strong>Ulteriori dettagli sugli eventi saranno resi noti con l\u2019avvicinarsi della data. Per chi fosse interessato o desiderasse maggiori informazioni, \u00e8 possibile inviare un\u2019email a <\/strong><a href=\"mailto:eventi.houston@esteri.it\"><strong>eventi.houston@esteri.it<\/strong><\/a><\/p>\n<p style=\"text-align: justify;\"><strong>\u00a0<\/strong><\/p>\n<p style=\"text-align: justify;\"><strong> <a href=\"https:\/\/conshouston.esteri.it\/wp-content\/uploads\/2026\/02\/Houston-capitale-creativita.png\"><img loading=\"lazy\" decoding=\"async\" class=\"alignnone size-full wp-image-7985 img-fluid\" src=\"https:\/\/conshouston.esteri.it\/wp-content\/uploads\/2026\/02\/Houston-capitale-creativita.png\" alt=\"\" width=\"940\" height=\"788\" srcset=\"https:\/\/conshouston.esteri.it\/wp-content\/uploads\/2026\/02\/Houston-capitale-creativita.png 940w, https:\/\/conshouston.esteri.it\/wp-content\/uploads\/2026\/02\/Houston-capitale-creativita-300x251.png 300w, https:\/\/conshouston.esteri.it\/wp-content\/uploads\/2026\/02\/Houston-capitale-creativita-768x644.png 768w\" sizes=\"auto, (max-width: 940px) 100vw, 940px\" \/><\/a><\/strong><\/p>\n<p><strong>\u00a0<\/strong><\/p>\n<p><strong>\u00a0<\/strong><\/p>\n","protected":false},"excerpt":{"rendered":"Houston \u00e8 stata designata Capitale della Creativit\u00e0 Italiana nel Mondo 2026, nell\u2019ambito della quarta edizione del premio promosso dal Ministero degli Affari Esteri e della Cooperazione Internazionale, volto a valorizzare i migliori progetti della rete diplomatica, consolare e culturale italiana per la promozione del Made in Italy nel mondo. Insieme a Houston, il riconoscimento \u00e8 [&hellip;]","protected":false},"author":6,"featured_media":7954,"parent":41,"menu_order":5,"comment_status":"closed","ping_status":"closed","template":"","meta":{"footnotes":""},"class_list":["post-7943","page","type-page","status-publish","has-post-thumbnail","hentry"],"_links":{"self":[{"href":"https:\/\/conshouston.esteri.it\/it\/wp-json\/wp\/v2\/pages\/7943","targetHints":{"allow":["GET"]}}],"collection":[{"href":"https:\/\/conshouston.esteri.it\/it\/wp-json\/wp\/v2\/pages"}],"about":[{"href":"https:\/\/conshouston.esteri.it\/it\/wp-json\/wp\/v2\/types\/page"}],"author":[{"embeddable":true,"href":"https:\/\/conshouston.esteri.it\/it\/wp-json\/wp\/v2\/users\/6"}],"replies":[{"embeddable":true,"href":"https:\/\/conshouston.esteri.it\/it\/wp-json\/wp\/v2\/comments?post=7943"}],"version-history":[{"count":6,"href":"https:\/\/conshouston.esteri.it\/it\/wp-json\/wp\/v2\/pages\/7943\/revisions"}],"predecessor-version":[{"id":8415,"href":"https:\/\/conshouston.esteri.it\/it\/wp-json\/wp\/v2\/pages\/7943\/revisions\/8415"}],"up":[{"embeddable":true,"href":"https:\/\/conshouston.esteri.it\/it\/wp-json\/wp\/v2\/pages\/41"}],"wp:featuredmedia":[{"embeddable":true,"href":"https:\/\/conshouston.esteri.it\/it\/wp-json\/wp\/v2\/media\/7954"}],"wp:attachment":[{"href":"https:\/\/conshouston.esteri.it\/it\/wp-json\/wp\/v2\/media?parent=7943"}],"curies":[{"name":"wp","href":"https:\/\/api.w.org\/{rel}","templated":true}]}}