{"id":869,"date":"2023-05-31T15:00:13","date_gmt":"2023-05-31T20:00:13","guid":{"rendered":"https:\/\/conshouston.esteri.it\/?page_id=869"},"modified":"2026-03-19T17:21:56","modified_gmt":"2026-03-19T22:21:56","slug":"cittadinanza-per-discendenza","status":"publish","type":"page","link":"https:\/\/conshouston.esteri.it\/it\/servizi-consolari-e-visti\/servizi-per-il-cittadino-straniero\/cittadinanza\/cittadinanza-per-discendenza\/","title":{"rendered":"Cittadinanza per discendenza (iure sanguinis)"},"content":{"rendered":"<p style=\"text-align: justify;\">Il decreto-legge 28 marzo 2025, n. 36, \u00e8 stato convertito con modificazioni nella\u00a0<strong>legge<\/strong>\u00a0<strong>n.74<\/strong> del <strong>23 maggio 2025 <\/strong>con vigenza dal 24 maggio 2025.<\/p>\n<p style=\"text-align: justify;\">La legge di conversione riforma la\u00a0<strong>legge 5 febbraio 1992, n. 91<\/strong>, il cui nuovo testo integrale \u00e8 disponibile al seguente\u00a0<a href=\"https:\/\/www.normattiva.it\/uri-res\/N2Ls?urn:nir:stato:legge:1992-02-05;91!vig=\">link.<\/a><\/p>\n<p style=\"text-align: justify;\">Si attira, in particolare, l\u2019attenzione sul\u00a0<strong>nuovo art. 3-bis:<\/strong><\/p>\n<p style=\"text-align: justify;\">In deroga agli articoli 1, 2, 3, 14 e 20 della presente legge, all\u2019articolo 5 della legge 21 aprile 1983, n. 123, agli articoli 1, 2, 7, 10, 12 e 19 della legge 13 giugno 1912, n. 555, nonch\u00e9 agli articoli 4, 5, 7, 8 e 9 del codice civile approvato con regio decreto 25 giugno 1865, n. 2358, \u00e8 considerato non avere mai acquistato la cittadinanza italiana chi \u00e8 nato all\u2019estero anche prima della data di entrata in vigore del presente articolo ed \u00e8 in possesso di altra cittadinanza, salvo che ricorra una delle seguenti condizioni:<\/p>\n<ol style=\"text-align: justify;\">\n<li><em>a) lo stato di cittadino dell\u2019interessato \u00e8 riconosciuto, nel rispetto della normativa applicabile al 27 marzo 2025, a seguito di domanda, corredata della necessaria documentazione, presentata all\u2019ufficio consolare o al sindaco competenti non oltre le 23:59, ora di Roma, della medesima data;<\/em><\/li>\n<\/ol>\n<p style=\"text-align: justify;\"><em>a-bis) lo stato di cittadino dell\u2019interessato \u00e8 riconosciuto, nel rispetto della normativa applicabile al 27 marzo 2025, a seguito di domanda, corredata della necessaria documentazione, presentata all\u2019ufficio consolare o al sindaco competenti nel giorno indicato da appuntamento comunicato all\u2019interessato dall\u2019ufficio competente entro le 23:59, ora di Roma, della medesima data del 27 marzo 2025;<\/em><\/p>\n<ol style=\"text-align: justify;\">\n<li><em>b) lo stato di cittadino dell\u2019interessato \u00e8 accertato giudizialmente, nel rispetto della normativa applicabile al 27 marzo 2025, a seguito di domanda giudiziale presentata non oltre le 23:59, ora di Roma, della medesima data;<\/em><\/li>\n<li><em>c) un ascendente di primo o di secondo grado possiede, o possedeva al momento della morte, esclusivamente la cittadinanza italiana;<\/em><\/li>\n<li><em>d) un genitore o adottante \u00e8 stato residente in Italia per almeno due anni continuativi successivamente all\u2019acquisto della cittadinanza italiana e prima della data di nascita o di adozione del figlio.<\/em><\/li>\n<\/ol>\n<p style=\"text-align: justify;\">Pertanto, in base alla nuova legge \u00e8 riconosciuto cittadino italiano\u00a0<em>iure sanguinis<\/em>\u00a0(dalla nascita):<\/p>\n<ul style=\"text-align: justify;\">\n<li>il richiedente\u00a0<strong>nato in Italia<\/strong>\u00a0in qualsiasi data;<\/li>\n<li>il richiedente che ha esclusivamente la cittadinanza italiana<strong>, ossia che<\/strong>\u00a0<strong>non ha n\u00e9 pu\u00f2 avere nessun\u2019altra cittadinanza;<\/strong><\/li>\n<li>il richiedente che rientra in\u00a0<strong>uno dei casi<\/strong>\u00a0elencati nelle\u00a0<strong>lettere a), a-bis), b), c) e d) dell\u2019articolo 3-bis.<\/strong><\/li>\n<\/ul>\n<p style=\"text-align: justify;\">Alla luce della nuova legge si precisa che:<\/p>\n<p style=\"text-align: justify;\"><strong>1) Solo le domande presentate prima del 27 marzo 2025 alle ore 23.59 ora italiana, corredate della necessaria documentazione, seguono la\u00a0normativa precedente<\/strong><\/p>\n<p style=\"text-align: justify;\">Per domande\u00a0<em>\u201cpresentate\u201d<\/em>\u00a0si intende:<\/p>\n<ul style=\"text-align: justify;\">\n<li>Consegnate allo sportello dell\u2019Ufficio consolare prima della data ed ora sopra indicate;<\/li>\n<\/ul>\n<p style=\"text-align: justify;\">Per \u201cnecessaria documentazione\u201d si intende la documentazione finalizzata a dimostrare il possesso della cittadinanza da parte del richiedente e dunque, ad accertare la derivazione della cittadinanza dal dante causa cittadino italiano. Potra\u2019 ammettersi escusivamente l\u2019integrazione di carenze formali che vanno senate prima della determinazione finale (ad esempio mancanza o imprecisione di una traduzione; mancanza di un atto di stato civile relative ad eventi che non determinano direttamente conseguenze sulla cittadinanza).<\/p>\n<p style=\"text-align: justify;\"><strong>2) Solo le domande, corredate della necessaria documentazione, presentate all\u2019Ufficio consolare nel giorno indicato da appuntamento fissato e comunicato all\u2019interessato dall\u2019ufficio competente entro le 23:59, ora di Roma del 27 marzo 2025 seguono la\u00a0normativa precedente<\/strong><\/p>\n<p style=\"text-align: justify;\">Per\u00a0<em>\u201cappuntamento comunicato all\u2019interessato dall\u2019Ufficio competente\u201d<\/em>\u00a0si intende la conferma a mezzo posta elettronica ricevuta dall\u2019interessato dal portale Prenot@mi.<\/p>\n<p style=\"text-align: justify;\"><strong>3) In ogni altra circostanza, alle domande si applica la nuova normativa.<\/strong><\/p>\n<p style=\"text-align: justify;\"><strong>DOCUMENTAZIONE DA PRESENTARE <\/strong><\/p>\n<p style=\"text-align: justify;\">Quanto previsto dalla Circolare K.28.1 dell\u20198 aprile 1991 del Ministero dell\u2019Interno, ovverosia:<\/p>\n<ol style=\"text-align: justify;\">\n<li>Estratto dell\u2019atto di nascita dell\u2019avo italiano emigrato all\u2019estero rilasciato dal Comune italiano ove egli nacque;<\/li>\n<li>Atto di matrimonio dell\u2019avo italiano emigrato all\u2019estero, munito di Apostille e traduzione italiana se formato all\u2019estero;<\/li>\n<li>Atto di morte dell\u2019avo italiano emigrate all\u2019estero munito di Apostille e traduzione italiana se formato all\u2019estero;<\/li>\n<li>Certificati di stato civile di tutti i suoi discendenti in linea retta (certificato di nascita matrimonio, morte) in originale, emessi dalle Autorita\u2019 competenti e se rilasciati all\u2019estero, muniti di traduzione italiana e legalizzati con \u201cApostille\u201d dal Segretario di Stato dello Stato in cui il certificato e\u2019 stato emesso (l\u2019Apostille non necessita di traduzione);<\/li>\n<li>Certificato rilasciato dalle competenti Autorit\u00e0 dello Stato estero di emigrazione, munito di traduzione in lingua italiana, attestante che l\u2019avo italiano a suo tempo emigrato dall\u2019Italia non acquist\u00f2 la cittadinanza dello Stato estero di emigrazione anteriormente alla nascita dell\u2019ascendente dell\u2019interessato;<\/li>\n<li>Certificato rilasciato dalla competente Autorit\u00e0 consolare italiana attestante che n\u00e9 gli ascendenti in linea diretta n\u00e9 la persona rivendicante il possesso della cittadinanza italiana vi abbiano mai rinunciato ai termini dell\u2019art. 7 della legge 13 giugno 1912, n. 555;<\/li>\n<li>Certificato storico di cittadinanza.<\/li>\n<\/ol>\n<p style=\"text-align: justify;\">Per l\u2019applicazione della\u00a0<strong>nuova normativa<\/strong>, si dovranno\u00a0<u>inoltre<\/u>\u00a0produrre:<\/p>\n<ul style=\"text-align: justify;\">\n<li>Per dimostrare l\u2019esclusivo possesso della cittadinanza italiana (a titolo esemplificativo):\n<ul>\n<li>Certificati negativi di cittadinanza;<\/li>\n<li>Attestazioni di rinuncia ad una eventuale Cittadinanza straniera;<\/li>\n<li>Certificati di non iscrizione alle liste elettorali;<\/li>\n<\/ul>\n<\/li>\n<li>Per dimostrare l\u2019avvenuta residenza in Italia per almeno due anni continuativi;\n<ul>\n<li>Certificato storico di cittadinanza.<\/li>\n<li>Certificato storico di residenza.<\/li>\n<\/ul>\n<\/li>\n<\/ul>\n<p style=\"text-align: justify;\"><strong>RICHIEDENTE<\/strong><\/p>\n<ol style=\"text-align: justify;\">\n<li>Passaporto in corso di validita\u2019 in originale e copia;<\/li>\n<li>Carta di identita\u2019 o patente in originale e copia;<\/li>\n<li>Certificato di nascita in originale emesso dalle autorita\u2019 competenti, con l\u2019esatta indicazione della citta\u2019 di nascita (solo lo Stato o la Contea NON SONO SUFFICIENTI), legalizzato con Apostille e traduzione in italiano (l\u2019Apostille non necessita di traduzione);<\/li>\n<li><a href=\"https:\/\/conshouston.esteri.it\/wp-content\/uploads\/2025\/07\/form_1.pdf\" target=\"_blank\" rel=\"noopener\">MODULO 1<\/a>\u00a0&#8211; Compilato in tutte le sue parti a partire dall\u2019ultima generazione nata in Italia, includendo tutti i coniugi, da firmare presso il Consolato Generale al momento dell\u2019appuntamento;<\/li>\n<li><a href=\"https:\/\/conshouston.esteri.it\/wp-content\/uploads\/2025\/07\/form_2-1.pdf\" target=\"_blank\" rel=\"noopener\">MODULO 2<\/a> \u2013 Compilato, da firmare presso il Consolato Generale al momento dell\u2019appuntamento;<\/li>\n<li><a href=\"https:\/\/conshouston.esteri.it\/wp-content\/uploads\/2025\/07\/form_3-1.pdf\" target=\"_blank\" rel=\"noopener\">MODULO 3<\/a> \u2013 Compilato da ogni ascendente in vita; l\u2019ascendente puo\u2019 firmare il modulo presso il Consolato Generale oppure <strong>davanti ad un notaio pubblico <\/strong>(in tal caso il modulo dovra\u2019 essere legalizzato con Apostille e consegnato dal richiedente insieme ad una copia di un documento di identita\u2019 valido dell\u2019ascendente);<\/li>\n<li><a href=\"https:\/\/conshouston.esteri.it\/wp-content\/uploads\/2025\/07\/FORM-4.pdf\" target=\"_blank\" rel=\"noopener\">MODULO 4<\/a> \u2013 Deve essere compilato dal richiedente per ogni discendente deceduto, da firmare presso il Consolato Generale.<\/li>\n<\/ol>\n<p style=\"text-align: justify;\">Per presentare la domanda di cittadinanza occorre prenotare un appuntamento <u>esclusivamente<\/u> tramite il portale del Ministero degli Affari Esteri e della Cooperazione internazionale <a href=\"https:\/\/prenotami.esteri.it\/\">prenot@mi<\/a> al seguente indirizzo web: <a href=\"https:\/\/prenotami.esteri.it\/\">https:\/\/prenotami.esteri.it\/<\/a>, che dovr\u00e0 essere confermato dall\u2019utente direttamente sul portale prima della data fissata.<strong> <u>Non sono ammessi accessi senza appuntamento.<\/u><\/strong> Al momento della prenotazione andra&#8217; <strong>obbligatoriamente<\/strong> caricato il formulario <a href=\"https:\/\/conshouston.esteri.it\/wp-content\/uploads\/2026\/03\/Form_JS_prenot@ami.pdf\">Form_JS_prenot@ami<\/a> (esempio a <a href=\"https:\/\/conshouston.esteri.it\/wp-content\/uploads\/2026\/03\/Form_JS_prenot@ami_example_signed.pdf\">Form_JS_prenot@ami_example_signed<\/a>). <span style=\"text-decoration: underline;\">Le prenotazioni senza il formulario verranno cancellate<\/span>.<\/p>\n<p style=\"text-align: justify;\">Al momento dell\u2019appuntamento sar\u00e0 richiesto il pagamento della tassa Consolare per la domanda di riconoscimento per il periodo dal <strong>1 gennaio 2026 al 31 marzo 2026<\/strong>\u00a0e\u2019 pari a <strong>$697.30<\/strong> (in seguito si prega di consultare la <a href=\"https:\/\/conshouston.esteri.it\/it\/servizi-consolari-e-visti\/servizi-per-il-cittadino-italiano\/altri-servizi\/albo-consolare\/estratto-tabella-diritti-consolari\/\" target=\"_blank\" rel=\"noopener\">tabella Consolare<\/a>). Si prega di fornire il pagamento mediante <strong>USPS money order dell&#8217;esatto ammontare.<\/strong><\/p>\n<p style=\"text-align: justify;\">Solo se un familiare \u00e8 gi\u00e0 riconosciuto cittadino italiano jure sanguinis da questo Consolato Generale e il richiedente risiede nell&#8217;area di competenza di questo Consolato Generale (Texas, Louisiana, Arkansas o Oklahoma), \u00e8 possibile utilizzare la documentazione gi\u00e0 presentata. Si prega inoltre di contattare l&#8217;Ufficio Cittadinanza via email all&#8217;indirizzo cittadinanza.houston@esteri.it per sapere quali documenti integrativi saranno necessari per il colloquio.<\/p>\n<p style=\"text-align: justify;\"><strong>SI PREGA DI CONSULTARE LE <a href=\"https:\/\/conshouston.esteri.it\/wp-content\/uploads\/2025\/07\/GUIDELINE-FOR-THE-DOCUMETATION-js.pdf\" target=\"_blank\" rel=\"noopener\">LINEE GUIDA<\/a> PUBBLICATE.<\/strong><\/p>\n","protected":false},"excerpt":{"rendered":"Il decreto-legge 28 marzo 2025, n. 36, \u00e8 stato convertito con modificazioni nella\u00a0legge\u00a0n.74 del 23 maggio 2025 con vigenza dal 24 maggio 2025. La legge di conversione riforma la\u00a0legge 5 febbraio 1992, n. 91, il cui nuovo testo integrale \u00e8 disponibile al seguente\u00a0link. Si attira, in particolare, l\u2019attenzione sul\u00a0nuovo art. 3-bis: In deroga agli articoli [&hellip;]","protected":false},"author":7,"featured_media":0,"parent":96,"menu_order":2,"comment_status":"closed","ping_status":"closed","template":"","meta":{"footnotes":""},"class_list":["post-869","page","type-page","status-publish","hentry"],"_links":{"self":[{"href":"https:\/\/conshouston.esteri.it\/it\/wp-json\/wp\/v2\/pages\/869","targetHints":{"allow":["GET"]}}],"collection":[{"href":"https:\/\/conshouston.esteri.it\/it\/wp-json\/wp\/v2\/pages"}],"about":[{"href":"https:\/\/conshouston.esteri.it\/it\/wp-json\/wp\/v2\/types\/page"}],"author":[{"embeddable":true,"href":"https:\/\/conshouston.esteri.it\/it\/wp-json\/wp\/v2\/users\/7"}],"replies":[{"embeddable":true,"href":"https:\/\/conshouston.esteri.it\/it\/wp-json\/wp\/v2\/comments?post=869"}],"version-history":[{"count":7,"href":"https:\/\/conshouston.esteri.it\/it\/wp-json\/wp\/v2\/pages\/869\/revisions"}],"predecessor-version":[{"id":8646,"href":"https:\/\/conshouston.esteri.it\/it\/wp-json\/wp\/v2\/pages\/869\/revisions\/8646"}],"up":[{"embeddable":true,"href":"https:\/\/conshouston.esteri.it\/it\/wp-json\/wp\/v2\/pages\/96"}],"wp:attachment":[{"href":"https:\/\/conshouston.esteri.it\/it\/wp-json\/wp\/v2\/media?parent=869"}],"curies":[{"name":"wp","href":"https:\/\/api.w.org\/{rel}","templated":true}]}}