{"id":89,"date":"2023-04-03T19:29:38","date_gmt":"2023-04-03T17:29:38","guid":{"rendered":"https:\/\/consolatozurigo.esteri.it\/?page_id=89"},"modified":"2026-01-13T17:15:01","modified_gmt":"2026-01-13T22:15:01","slug":"servizi-notarili","status":"publish","type":"page","link":"https:\/\/conshouston.esteri.it\/it\/servizi-consolari-e-visti\/servizi-per-il-cittadino-italiano\/servizi-notarili\/","title":{"rendered":"Servizi notarili"},"content":{"rendered":"<p style=\"text-align: justify;\">L\u2019Ufficio Notarile del Consolato \u00e8 deputato a ricevere gli atti tra vivi e quelli di ultima volont\u00e0, a curare il loro deposito ed a rilasciarne copie ed estratti.<br \/>\nIl servizio notarile \u00e8 erogato ai cittadini italiani che si trovino all&#8217;estero in via permanente o temporanea.<\/p>\n<p style=\"text-align: justify;\">I servizi notarili pi\u00f9 frequentemente richiesti ad un Ufficio consolare sono:<\/p>\n<p><a href=\"https:\/\/conshouston.esteri.it\/it\/servizi-consolari-e-visti\/servizi-per-il-cittadino-italiano\/servizi-notarili\/atti-pubblici\/\" target=\"_blank\" rel=\"noopener\">Atti Pubblici<\/a><br \/>\n<a href=\"https:\/\/conshouston.esteri.it\/it\/servizi-consolari-e-visti\/servizi-per-il-cittadino-italiano\/servizi-notarili\/attivita-di-autenticazione\/\" target=\"_blank\" rel=\"noopener\">Attivit\u00e0 di Autenticazione<\/a><br \/>\n<a href=\"https:\/\/conshouston.esteri.it\/it\/servizi-consolari-e-visti\/servizi-per-il-cittadino-italiano\/servizi-notarili\/procure\/\" target=\"_blank\" rel=\"noopener\">Procure<\/a><br \/>\n<a href=\"https:\/\/conshouston.esteri.it\/it\/servizi-consolari-e-visti\/servizi-per-il-cittadino-italiano\/servizi-notarili\/testamento-pubblico\/\" target=\"_blank\" rel=\"noopener\">Testamento Pubblico<\/a><\/p>\n<p style=\"text-align: justify;\">Il Servizio Notarile viene erogato solo su appuntamento tramite portale <a href=\"https:\/\/prenotami.esteri.it\/\">prenotami<\/a>.<\/p>\n<p>Si prega di munirsi di<strong> USPS money order<\/strong> in occasione dell&#8217;appuntamento, dal momento che non accettiamo pagamenti con carta, e di fornire l&#8217;ammontare esatto. Gli importi dei servizi sono presenti nella Tabella dei diritti consolari disponibile sul sito.<\/p>\n<p>Per eventuali chiarimenti si prega di scrivere a <a href=\"mailto:notarile.houston@esteri.it\" target=\"_blank\" rel=\"noopener\">notarile.houston@esteri.it<\/a>.<\/p>\n","protected":false},"excerpt":{"rendered":"L\u2019Ufficio Notarile del Consolato \u00e8 deputato a ricevere gli atti tra vivi e quelli di ultima volont\u00e0, a curare il loro deposito ed a rilasciarne copie ed estratti. Il servizio notarile \u00e8 erogato ai cittadini italiani che si trovino all&#8217;estero in via permanente o temporanea. I servizi notarili pi\u00f9 frequentemente richiesti ad un Ufficio consolare [&hellip;]","protected":false},"author":1,"featured_media":0,"parent":59,"menu_order":9,"comment_status":"closed","ping_status":"closed","template":"","meta":{"footnotes":""},"class_list":["post-89","page","type-page","status-publish","hentry"],"_links":{"self":[{"href":"https:\/\/conshouston.esteri.it\/it\/wp-json\/wp\/v2\/pages\/89","targetHints":{"allow":["GET"]}}],"collection":[{"href":"https:\/\/conshouston.esteri.it\/it\/wp-json\/wp\/v2\/pages"}],"about":[{"href":"https:\/\/conshouston.esteri.it\/it\/wp-json\/wp\/v2\/types\/page"}],"author":[{"embeddable":true,"href":"https:\/\/conshouston.esteri.it\/it\/wp-json\/wp\/v2\/users\/1"}],"replies":[{"embeddable":true,"href":"https:\/\/conshouston.esteri.it\/it\/wp-json\/wp\/v2\/comments?post=89"}],"version-history":[{"count":5,"href":"https:\/\/conshouston.esteri.it\/it\/wp-json\/wp\/v2\/pages\/89\/revisions"}],"predecessor-version":[{"id":7731,"href":"https:\/\/conshouston.esteri.it\/it\/wp-json\/wp\/v2\/pages\/89\/revisions\/7731"}],"up":[{"embeddable":true,"href":"https:\/\/conshouston.esteri.it\/it\/wp-json\/wp\/v2\/pages\/59"}],"wp:attachment":[{"href":"https:\/\/conshouston.esteri.it\/it\/wp-json\/wp\/v2\/media?parent=89"}],"curies":[{"name":"wp","href":"https:\/\/api.w.org\/{rel}","templated":true}]}}